{"id":467,"date":"2024-01-14T18:59:06","date_gmt":"2024-01-14T17:59:06","guid":{"rendered":"http:\/\/hoteldw.cluster029.hosting.ovh.net\/?page_id=467"},"modified":"2024-02-01T15:39:49","modified_gmt":"2024-02-01T14:39:49","slug":"architecture","status":"publish","type":"page","link":"https:\/\/hoteldieudebrie.org\/index.php\/architecture\/","title":{"rendered":"Architecture"},"content":{"rendered":"\n<p class=\"has-light-gray-color has-text-color has-link-color wp-elements-d25d328da205ae30506fd5ab94b5d7dc\"><em>Cliquer sur un lien ci-dessous pour plus de d\u00e9tail<\/em><\/p>\n\n\n\n<p><a href=\"http:\/\/hoteldw.cluster029.hosting.ovh.net\/index.php\/exterieure\/\">Architecture ext\u00e9rieure<\/a><\/p>\n\n\n\n<p><a href=\"http:\/\/hoteldw.cluster029.hosting.ovh.net\/index.php\/exterieure\/\">Architec<\/a><a href=\"http:\/\/hoteldw.cluster029.hosting.ovh.net\/index.php\/interieure\/\">ture int\u00e9rieure<\/a><\/p>\n\n\n\n<p><\/p>\n\n\n\n<figure class=\"wp-block-image size-large is-resized\"><img loading=\"lazy\" decoding=\"async\" width=\"1024\" height=\"808\" src=\"http:\/\/hoteldw.cluster029.hosting.ovh.net\/wp-content\/uploads\/2023\/12\/HD_Verdier-Cattois-1024x808.png\" alt=\"\" class=\"wp-image-98\" style=\"width:618px;height:auto\" srcset=\"https:\/\/hoteldieudebrie.org\/wp-content\/uploads\/2023\/12\/HD_Verdier-Cattois-1024x808.png 1024w, https:\/\/hoteldieudebrie.org\/wp-content\/uploads\/2023\/12\/HD_Verdier-Cattois-300x237.png 300w, https:\/\/hoteldieudebrie.org\/wp-content\/uploads\/2023\/12\/HD_Verdier-Cattois-768x606.png 768w, https:\/\/hoteldieudebrie.org\/wp-content\/uploads\/2023\/12\/HD_Verdier-Cattois-1536x1212.png 1536w, https:\/\/hoteldieudebrie.org\/wp-content\/uploads\/2023\/12\/HD_Verdier-Cattois-2048x1616.png 2048w, https:\/\/hoteldieudebrie.org\/wp-content\/uploads\/2023\/12\/HD_Verdier-Cattois-900x710.png 900w, https:\/\/hoteldieudebrie.org\/wp-content\/uploads\/2023\/12\/HD_Verdier-Cattois-1280x1010.png 1280w\" sizes=\"(max-width: 1024px) 100vw, 1024px\" \/><\/figure>\n\n\n\n<p>Afin de redonner de la lisibilit\u00e9 \u00e0 l\u2019\u00e9difice qui avait perdu son \u00e9tage, la d\u00e9cision d\u2019une r\u00e9habilitation a \u00e9t\u00e9 prise.<\/p>\n\n\n\n<p>Comme souvent, les dessins d\u2019\u00e9poque qui ont \u00e9t\u00e9 conserv\u00e9s sont contradictoires en particlier s&rsquo;agissant du nombre de fen\u00eatres. Ils permettent uniquement de respecter les volumes.<\/p>\n\n\n\n<p>C\u2019est le parti de la simplicit\u00e9 qui a \u00e9t\u00e9 choisi sans aucun ajout en \u00e9voquant le volume global et les fen\u00eatres <a href=\"http:\/\/hoteldw.cluster029.hosting.ovh.net\/index.php\/glossaire\/#ancreG\">g\u00e9min\u00e9es <\/a>de l\u2019\u00e9tage.<\/p>\n","protected":false},"excerpt":{"rendered":"<p>Cliquer sur un lien ci-dessous pour plus de d\u00e9tail Architecture ext\u00e9rieure Architecture int\u00e9rieure Afin de redonner de la lisibilit\u00e9 \u00e0 l\u2019\u00e9difice qui avait perdu son \u00e9tage, la d\u00e9cision d\u2019une r\u00e9habilitation a \u00e9t\u00e9 prise. Comme souvent, les dessins d\u2019\u00e9poque qui ont \u00e9t\u00e9 conserv\u00e9s sont contradictoires en particlier s&rsquo;agissant du nombre de fen\u00eatres. Ils permettent uniquement de [&hellip;]<\/p>\n","protected":false},"author":1,"featured_media":0,"parent":0,"menu_order":0,"comment_status":"closed","ping_status":"closed","template":"","meta":{"footnotes":""},"yoast_head":"<!-- This site is optimized with the Yoast SEO plugin v21.6 - https:\/\/yoast.com\/wordpress\/plugins\/seo\/ -->\n<title>Architecture - H\u00f4tel-Dieu Brie-Comte-Robert.<\/title>\n<meta name=\"robots\" content=\"index, follow, max-snippet:-1, max-image-preview:large, max-video-preview:-1\" \/>\n<link rel=\"canonical\" href=\"http:\/\/hoteldieudebrie.org\/index.php\/architecture\/\" \/>\n<meta property=\"og:locale\" content=\"fr_FR\" \/>\n<meta property=\"og:type\" content=\"article\" \/>\n<meta property=\"og:title\" content=\"Architecture - H\u00f4tel-Dieu Brie-Comte-Robert.\" \/>\n<meta property=\"og:description\" content=\"Cliquer sur un lien ci-dessous pour plus de d\u00e9tail Architecture ext\u00e9rieure Architecture int\u00e9rieure Afin de redonner de la lisibilit\u00e9 \u00e0 l\u2019\u00e9difice qui avait perdu son \u00e9tage, la d\u00e9cision d\u2019une r\u00e9habilitation a \u00e9t\u00e9 prise. Comme souvent, les dessins d\u2019\u00e9poque qui ont \u00e9t\u00e9 conserv\u00e9s sont contradictoires en particlier s&rsquo;agissant du nombre de fen\u00eatres. Ils permettent uniquement de [&hellip;]\" \/>\n<meta property=\"og:url\" content=\"http:\/\/hoteldieudebrie.org\/index.php\/architecture\/\" \/>\n<meta property=\"og:site_name\" content=\"H\u00f4tel-Dieu Brie-Comte-Robert.\" \/>\n<meta property=\"article:modified_time\" content=\"2024-02-01T14:39:49+00:00\" \/>\n<meta property=\"og:image\" content=\"http:\/\/hoteldw.cluster029.hosting.ovh.net\/wp-content\/uploads\/2023\/12\/HD_Verdier-Cattois-1024x808.png\" \/>\n<meta name=\"twitter:card\" content=\"summary_large_image\" \/>\n<meta name=\"twitter:label1\" content=\"Dur\u00e9e de lecture estim\u00e9e\" \/>\n\t<meta name=\"twitter:data1\" content=\"1 minute\" \/>\n<script type=\"application\/ld+json\" class=\"yoast-schema-graph\">{\"@context\":\"https:\/\/schema.org\",\"@graph\":[{\"@type\":\"WebPage\",\"@id\":\"http:\/\/hoteldieudebrie.org\/index.php\/architecture\/\",\"url\":\"http:\/\/hoteldieudebrie.org\/index.php\/architecture\/\",\"name\":\"Architecture - H\u00f4tel-Dieu Brie-Comte-Robert.\",\"isPartOf\":{\"@id\":\"http:\/\/hoteldieudebrie.org\/#website\"},\"datePublished\":\"2024-01-14T17:59:06+00:00\",\"dateModified\":\"2024-02-01T14:39:49+00:00\",\"breadcrumb\":{\"@id\":\"http:\/\/hoteldieudebrie.org\/index.php\/architecture\/#breadcrumb\"},\"inLanguage\":\"fr-FR\",\"potentialAction\":[{\"@type\":\"ReadAction\",\"target\":[\"http:\/\/hoteldieudebrie.org\/index.php\/architecture\/\"]}]},{\"@type\":\"BreadcrumbList\",\"@id\":\"http:\/\/hoteldieudebrie.org\/index.php\/architecture\/#breadcrumb\",\"itemListElement\":[{\"@type\":\"ListItem\",\"position\":1,\"name\":\"Accueil\",\"item\":\"https:\/\/hoteldieudebrie.org\/\"},{\"@type\":\"ListItem\",\"position\":2,\"name\":\"Architecture\"}]},{\"@type\":\"WebSite\",\"@id\":\"http:\/\/hoteldieudebrie.org\/#website\",\"url\":\"http:\/\/hoteldieudebrie.org\/\",\"name\":\"H\u00f4tel-Dieu Brie-Comte-Robert.\",\"description\":\"\u00a9 Les Amis du Vieux Ch\u00e2teau\",\"potentialAction\":[{\"@type\":\"SearchAction\",\"target\":{\"@type\":\"EntryPoint\",\"urlTemplate\":\"http:\/\/hoteldieudebrie.org\/?s={search_term_string}\"},\"query-input\":\"required name=search_term_string\"}],\"inLanguage\":\"fr-FR\"}]}<\/script>\n<!-- \/ Yoast SEO plugin. -->","yoast_head_json":{"title":"Architecture - H\u00f4tel-Dieu Brie-Comte-Robert.","robots":{"index":"index","follow":"follow","max-snippet":"max-snippet:-1","max-image-preview":"max-image-preview:large","max-video-preview":"max-video-preview:-1"},"canonical":"http:\/\/hoteldieudebrie.org\/index.php\/architecture\/","og_locale":"fr_FR","og_type":"article","og_title":"Architecture - H\u00f4tel-Dieu Brie-Comte-Robert.","og_description":"Cliquer sur un lien ci-dessous pour plus de d\u00e9tail Architecture ext\u00e9rieure Architecture int\u00e9rieure Afin de redonner de la lisibilit\u00e9 \u00e0 l\u2019\u00e9difice qui avait perdu son \u00e9tage, la d\u00e9cision d\u2019une r\u00e9habilitation a \u00e9t\u00e9 prise. Comme souvent, les dessins d\u2019\u00e9poque qui ont \u00e9t\u00e9 conserv\u00e9s sont contradictoires en particlier s&rsquo;agissant du nombre de fen\u00eatres. Ils permettent uniquement de [&hellip;]","og_url":"http:\/\/hoteldieudebrie.org\/index.php\/architecture\/","og_site_name":"H\u00f4tel-Dieu Brie-Comte-Robert.","article_modified_time":"2024-02-01T14:39:49+00:00","og_image":[{"url":"http:\/\/hoteldw.cluster029.hosting.ovh.net\/wp-content\/uploads\/2023\/12\/HD_Verdier-Cattois-1024x808.png"}],"twitter_card":"summary_large_image","twitter_misc":{"Dur\u00e9e de lecture estim\u00e9e":"1 minute"},"schema":{"@context":"https:\/\/schema.org","@graph":[{"@type":"WebPage","@id":"http:\/\/hoteldieudebrie.org\/index.php\/architecture\/","url":"http:\/\/hoteldieudebrie.org\/index.php\/architecture\/","name":"Architecture - H\u00f4tel-Dieu Brie-Comte-Robert.","isPartOf":{"@id":"http:\/\/hoteldieudebrie.org\/#website"},"datePublished":"2024-01-14T17:59:06+00:00","dateModified":"2024-02-01T14:39:49+00:00","breadcrumb":{"@id":"http:\/\/hoteldieudebrie.org\/index.php\/architecture\/#breadcrumb"},"inLanguage":"fr-FR","potentialAction":[{"@type":"ReadAction","target":["http:\/\/hoteldieudebrie.org\/index.php\/architecture\/"]}]},{"@type":"BreadcrumbList","@id":"http:\/\/hoteldieudebrie.org\/index.php\/architecture\/#breadcrumb","itemListElement":[{"@type":"ListItem","position":1,"name":"Accueil","item":"https:\/\/hoteldieudebrie.org\/"},{"@type":"ListItem","position":2,"name":"Architecture"}]},{"@type":"WebSite","@id":"http:\/\/hoteldieudebrie.org\/#website","url":"http:\/\/hoteldieudebrie.org\/","name":"H\u00f4tel-Dieu Brie-Comte-Robert.","description":"\u00a9 Les Amis du Vieux Ch\u00e2teau","potentialAction":[{"@type":"SearchAction","target":{"@type":"EntryPoint","urlTemplate":"http:\/\/hoteldieudebrie.org\/?s={search_term_string}"},"query-input":"required name=search_term_string"}],"inLanguage":"fr-FR"}]}},"_links":{"self":[{"href":"https:\/\/hoteldieudebrie.org\/index.php\/wp-json\/wp\/v2\/pages\/467"}],"collection":[{"href":"https:\/\/hoteldieudebrie.org\/index.php\/wp-json\/wp\/v2\/pages"}],"about":[{"href":"https:\/\/hoteldieudebrie.org\/index.php\/wp-json\/wp\/v2\/types\/page"}],"author":[{"embeddable":true,"href":"https:\/\/hoteldieudebrie.org\/index.php\/wp-json\/wp\/v2\/users\/1"}],"replies":[{"embeddable":true,"href":"https:\/\/hoteldieudebrie.org\/index.php\/wp-json\/wp\/v2\/comments?post=467"}],"version-history":[{"count":16,"href":"https:\/\/hoteldieudebrie.org\/index.php\/wp-json\/wp\/v2\/pages\/467\/revisions"}],"predecessor-version":[{"id":751,"href":"https:\/\/hoteldieudebrie.org\/index.php\/wp-json\/wp\/v2\/pages\/467\/revisions\/751"}],"wp:attachment":[{"href":"https:\/\/hoteldieudebrie.org\/index.php\/wp-json\/wp\/v2\/media?parent=467"}],"curies":[{"name":"wp","href":"https:\/\/api.w.org\/{rel}","templated":true}]}}