{"id":41,"date":"2023-12-07T18:57:28","date_gmt":"2023-12-07T17:57:28","guid":{"rendered":"https:\/\/hoteldw.cluster029.hosting.ovh.net\/?page_id=41"},"modified":"2024-01-18T17:34:49","modified_gmt":"2024-01-18T16:34:49","slug":"creation-du-site","status":"publish","type":"page","link":"https:\/\/hoteldieudebrie.org\/index.php\/creation-du-site\/","title":{"rendered":"Cr\u00e9ation du site"},"content":{"rendered":"\n<p>Le site a \u00e9t\u00e9 con\u00e7u et mis en ligne par l&rsquo;association les Amis du Vieux ch\u00e2teau.<\/p>\n\n\n\n<p>L&rsquo;association les Amis du Vieux Ch\u00e2teau \u0153uvre en collaboration avec la municipalit\u00e9 depuis 1982 pour \u00e9tudier et promouvoir le patrimoine de la commune de Brie-Comte-Robert.<\/p>\n\n\n\n<p>Les connaissances, la documentation accumul\u00e9es ont servi de base \u00e0 cette publication.<\/p>\n\n\n\n<p>Tous droits sont r\u00e9serv\u00e9s tel que cela est stipul\u00e9 dans les mentions l\u00e9gales.<\/p>\n\n\n\n<p><em>Nous vous souhaitons une agr\u00e9able visite du site.<\/em><\/p>\n","protected":false},"excerpt":{"rendered":"<p>Le site a \u00e9t\u00e9 con\u00e7u et mis en ligne par l&rsquo;association les Amis du Vieux ch\u00e2teau. L&rsquo;association les Amis du Vieux Ch\u00e2teau \u0153uvre en collaboration avec la municipalit\u00e9 depuis 1982 pour \u00e9tudier et promouvoir le patrimoine de la commune de Brie-Comte-Robert. Les connaissances, la documentation accumul\u00e9es ont servi de base \u00e0 cette publication. Tous droits [&hellip;]<\/p>\n","protected":false},"author":1,"featured_media":726,"parent":0,"menu_order":0,"comment_status":"closed","ping_status":"closed","template":"","meta":{"footnotes":""},"yoast_head":"<!-- This site is optimized with the Yoast SEO plugin v21.6 - https:\/\/yoast.com\/wordpress\/plugins\/seo\/ -->\n<title>Cr\u00e9ation du site - H\u00f4tel-Dieu Brie-Comte-Robert.<\/title>\n<meta name=\"robots\" content=\"index, follow, max-snippet:-1, max-image-preview:large, max-video-preview:-1\" \/>\n<link rel=\"canonical\" href=\"http:\/\/hoteldieudebrie.org\/index.php\/creation-du-site\/\" \/>\n<meta property=\"og:locale\" content=\"fr_FR\" \/>\n<meta property=\"og:type\" content=\"article\" \/>\n<meta property=\"og:title\" content=\"Cr\u00e9ation du site - H\u00f4tel-Dieu Brie-Comte-Robert.\" \/>\n<meta property=\"og:description\" content=\"Le site a \u00e9t\u00e9 con\u00e7u et mis en ligne par l&rsquo;association les Amis du Vieux ch\u00e2teau. L&rsquo;association les Amis du Vieux Ch\u00e2teau \u0153uvre en collaboration avec la municipalit\u00e9 depuis 1982 pour \u00e9tudier et promouvoir le patrimoine de la commune de Brie-Comte-Robert. Les connaissances, la documentation accumul\u00e9es ont servi de base \u00e0 cette publication. Tous droits [&hellip;]\" \/>\n<meta property=\"og:url\" content=\"http:\/\/hoteldieudebrie.org\/index.php\/creation-du-site\/\" \/>\n<meta property=\"og:site_name\" content=\"H\u00f4tel-Dieu Brie-Comte-Robert.\" \/>\n<meta property=\"article:modified_time\" content=\"2024-01-18T16:34:49+00:00\" \/>\n<meta property=\"og:image\" content=\"http:\/\/hoteldw.cluster029.hosting.ovh.net\/wp-content\/uploads\/2024\/01\/Hotel-Dieu-Luis-2024-01-18-173313.png\" \/>\n\t<meta property=\"og:image:width\" content=\"785\" \/>\n\t<meta property=\"og:image:height\" content=\"377\" \/>\n\t<meta property=\"og:image:type\" content=\"image\/png\" \/>\n<meta name=\"twitter:card\" content=\"summary_large_image\" \/>\n<meta name=\"twitter:label1\" content=\"Dur\u00e9e de lecture estim\u00e9e\" \/>\n\t<meta name=\"twitter:data1\" content=\"1 minute\" \/>\n<script type=\"application\/ld+json\" class=\"yoast-schema-graph\">{\"@context\":\"https:\/\/schema.org\",\"@graph\":[{\"@type\":\"WebPage\",\"@id\":\"http:\/\/hoteldieudebrie.org\/index.php\/creation-du-site\/\",\"url\":\"http:\/\/hoteldieudebrie.org\/index.php\/creation-du-site\/\",\"name\":\"Cr\u00e9ation du site - H\u00f4tel-Dieu Brie-Comte-Robert.\",\"isPartOf\":{\"@id\":\"http:\/\/hoteldieudebrie.org\/#website\"},\"datePublished\":\"2023-12-07T17:57:28+00:00\",\"dateModified\":\"2024-01-18T16:34:49+00:00\",\"breadcrumb\":{\"@id\":\"http:\/\/hoteldieudebrie.org\/index.php\/creation-du-site\/#breadcrumb\"},\"inLanguage\":\"fr-FR\",\"potentialAction\":[{\"@type\":\"ReadAction\",\"target\":[\"http:\/\/hoteldieudebrie.org\/index.php\/creation-du-site\/\"]}]},{\"@type\":\"BreadcrumbList\",\"@id\":\"http:\/\/hoteldieudebrie.org\/index.php\/creation-du-site\/#breadcrumb\",\"itemListElement\":[{\"@type\":\"ListItem\",\"position\":1,\"name\":\"Accueil\",\"item\":\"https:\/\/hoteldieudebrie.org\/\"},{\"@type\":\"ListItem\",\"position\":2,\"name\":\"Cr\u00e9ation du site\"}]},{\"@type\":\"WebSite\",\"@id\":\"http:\/\/hoteldieudebrie.org\/#website\",\"url\":\"http:\/\/hoteldieudebrie.org\/\",\"name\":\"H\u00f4tel-Dieu Brie-Comte-Robert.\",\"description\":\"\u00a9 Les Amis du Vieux Ch\u00e2teau\",\"potentialAction\":[{\"@type\":\"SearchAction\",\"target\":{\"@type\":\"EntryPoint\",\"urlTemplate\":\"http:\/\/hoteldieudebrie.org\/?s={search_term_string}\"},\"query-input\":\"required name=search_term_string\"}],\"inLanguage\":\"fr-FR\"}]}<\/script>\n<!-- \/ Yoast SEO plugin. -->","yoast_head_json":{"title":"Cr\u00e9ation du site - H\u00f4tel-Dieu Brie-Comte-Robert.","robots":{"index":"index","follow":"follow","max-snippet":"max-snippet:-1","max-image-preview":"max-image-preview:large","max-video-preview":"max-video-preview:-1"},"canonical":"http:\/\/hoteldieudebrie.org\/index.php\/creation-du-site\/","og_locale":"fr_FR","og_type":"article","og_title":"Cr\u00e9ation du site - H\u00f4tel-Dieu Brie-Comte-Robert.","og_description":"Le site a \u00e9t\u00e9 con\u00e7u et mis en ligne par l&rsquo;association les Amis du Vieux ch\u00e2teau. L&rsquo;association les Amis du Vieux Ch\u00e2teau \u0153uvre en collaboration avec la municipalit\u00e9 depuis 1982 pour \u00e9tudier et promouvoir le patrimoine de la commune de Brie-Comte-Robert. Les connaissances, la documentation accumul\u00e9es ont servi de base \u00e0 cette publication. Tous droits [&hellip;]","og_url":"http:\/\/hoteldieudebrie.org\/index.php\/creation-du-site\/","og_site_name":"H\u00f4tel-Dieu Brie-Comte-Robert.","article_modified_time":"2024-01-18T16:34:49+00:00","og_image":[{"width":785,"height":377,"url":"http:\/\/hoteldw.cluster029.hosting.ovh.net\/wp-content\/uploads\/2024\/01\/Hotel-Dieu-Luis-2024-01-18-173313.png","type":"image\/png"}],"twitter_card":"summary_large_image","twitter_misc":{"Dur\u00e9e de lecture estim\u00e9e":"1 minute"},"schema":{"@context":"https:\/\/schema.org","@graph":[{"@type":"WebPage","@id":"http:\/\/hoteldieudebrie.org\/index.php\/creation-du-site\/","url":"http:\/\/hoteldieudebrie.org\/index.php\/creation-du-site\/","name":"Cr\u00e9ation du site - H\u00f4tel-Dieu Brie-Comte-Robert.","isPartOf":{"@id":"http:\/\/hoteldieudebrie.org\/#website"},"datePublished":"2023-12-07T17:57:28+00:00","dateModified":"2024-01-18T16:34:49+00:00","breadcrumb":{"@id":"http:\/\/hoteldieudebrie.org\/index.php\/creation-du-site\/#breadcrumb"},"inLanguage":"fr-FR","potentialAction":[{"@type":"ReadAction","target":["http:\/\/hoteldieudebrie.org\/index.php\/creation-du-site\/"]}]},{"@type":"BreadcrumbList","@id":"http:\/\/hoteldieudebrie.org\/index.php\/creation-du-site\/#breadcrumb","itemListElement":[{"@type":"ListItem","position":1,"name":"Accueil","item":"https:\/\/hoteldieudebrie.org\/"},{"@type":"ListItem","position":2,"name":"Cr\u00e9ation du site"}]},{"@type":"WebSite","@id":"http:\/\/hoteldieudebrie.org\/#website","url":"http:\/\/hoteldieudebrie.org\/","name":"H\u00f4tel-Dieu Brie-Comte-Robert.","description":"\u00a9 Les Amis du Vieux Ch\u00e2teau","potentialAction":[{"@type":"SearchAction","target":{"@type":"EntryPoint","urlTemplate":"http:\/\/hoteldieudebrie.org\/?s={search_term_string}"},"query-input":"required name=search_term_string"}],"inLanguage":"fr-FR"}]}},"_links":{"self":[{"href":"https:\/\/hoteldieudebrie.org\/index.php\/wp-json\/wp\/v2\/pages\/41"}],"collection":[{"href":"https:\/\/hoteldieudebrie.org\/index.php\/wp-json\/wp\/v2\/pages"}],"about":[{"href":"https:\/\/hoteldieudebrie.org\/index.php\/wp-json\/wp\/v2\/types\/page"}],"author":[{"embeddable":true,"href":"https:\/\/hoteldieudebrie.org\/index.php\/wp-json\/wp\/v2\/users\/1"}],"replies":[{"embeddable":true,"href":"https:\/\/hoteldieudebrie.org\/index.php\/wp-json\/wp\/v2\/comments?post=41"}],"version-history":[{"count":2,"href":"https:\/\/hoteldieudebrie.org\/index.php\/wp-json\/wp\/v2\/pages\/41\/revisions"}],"predecessor-version":[{"id":388,"href":"https:\/\/hoteldieudebrie.org\/index.php\/wp-json\/wp\/v2\/pages\/41\/revisions\/388"}],"wp:featuredmedia":[{"embeddable":true,"href":"https:\/\/hoteldieudebrie.org\/index.php\/wp-json\/wp\/v2\/media\/726"}],"wp:attachment":[{"href":"https:\/\/hoteldieudebrie.org\/index.php\/wp-json\/wp\/v2\/media?parent=41"}],"curies":[{"name":"wp","href":"https:\/\/api.w.org\/{rel}","templated":true}]}}