{"id":39,"date":"2023-12-07T18:57:28","date_gmt":"2023-12-07T17:57:28","guid":{"rendered":"https:\/\/hoteldw.cluster029.hosting.ovh.net\/?page_id=39"},"modified":"2024-03-07T11:41:48","modified_gmt":"2024-03-07T10:41:48","slug":"actualite-culturelle","status":"publish","type":"page","link":"https:\/\/hoteldieudebrie.org\/index.php\/actualite-culturelle\/","title":{"rendered":"Actualit\u00e9s culturelles"},"content":{"rendered":"\n<p><\/p>\n\n\n\n<p><a href=\"https:\/\/amisduvieuxchateau.org\/\">Site des Amis du Vieux Ch\u00e2teau<\/a><\/p>\n\n\n\n<p><a href=\"https:\/\/amisduvieuxchateau.org\/saison-patrimoine\/\">Acivit\u00e9s au ch\u00e2teau de Brie-Comte-Robert<\/a><\/p>\n\n\n\n<p><\/p>\n\n\n\n<p><a href=\"https:\/\/www.wivisites.com\/monument_details?site=8562f374-b9ca-4f74-9dbc-79f7c4d3447c\">Parcours patrimonial<\/a><\/p>\n\n\n\n<p><a href=\"https:\/\/www.briecomterobert.fr\/\">Site de la mairie de Brie-Comte-Robert<\/a><\/p>\n\n\n\n<p><a href=\"https:\/\/www.briecomterobert.fr\/services-au-quotidien\/decouvrir-le-patrimoine\/\">Autre patrimoine historique<\/a><\/p>\n","protected":false},"excerpt":{"rendered":"<p>Site des Amis du Vieux Ch\u00e2teau Acivit\u00e9s au ch\u00e2teau de Brie-Comte-Robert Parcours patrimonial Site de la mairie de Brie-Comte-Robert Autre patrimoine historique<\/p>\n","protected":false},"author":1,"featured_media":724,"parent":0,"menu_order":0,"comment_status":"closed","ping_status":"closed","template":"","meta":{"footnotes":""},"yoast_head":"<!-- This site is optimized with the Yoast SEO plugin v21.6 - https:\/\/yoast.com\/wordpress\/plugins\/seo\/ -->\n<title>Actualit\u00e9s culturelles - H\u00f4tel-Dieu Brie-Comte-Robert.<\/title>\n<meta name=\"robots\" content=\"index, follow, max-snippet:-1, max-image-preview:large, max-video-preview:-1\" \/>\n<link rel=\"canonical\" href=\"http:\/\/hoteldieudebrie.org\/index.php\/actualite-culturelle\/\" \/>\n<meta property=\"og:locale\" content=\"fr_FR\" \/>\n<meta property=\"og:type\" content=\"article\" \/>\n<meta property=\"og:title\" content=\"Actualit\u00e9s culturelles - H\u00f4tel-Dieu Brie-Comte-Robert.\" \/>\n<meta property=\"og:description\" content=\"Site des Amis du Vieux Ch\u00e2teau Acivit\u00e9s au ch\u00e2teau de Brie-Comte-Robert Parcours patrimonial Site de la mairie de Brie-Comte-Robert Autre patrimoine historique\" \/>\n<meta property=\"og:url\" content=\"http:\/\/hoteldieudebrie.org\/index.php\/actualite-culturelle\/\" \/>\n<meta property=\"og:site_name\" content=\"H\u00f4tel-Dieu Brie-Comte-Robert.\" \/>\n<meta property=\"article:modified_time\" content=\"2024-03-07T10:41:48+00:00\" \/>\n<meta property=\"og:image\" content=\"http:\/\/hoteldw.cluster029.hosting.ovh.net\/wp-content\/uploads\/2024\/01\/IMG20230916210909.png\" \/>\n\t<meta property=\"og:image:width\" content=\"1428\" \/>\n\t<meta property=\"og:image:height\" content=\"599\" \/>\n\t<meta property=\"og:image:type\" content=\"image\/png\" \/>\n<meta name=\"twitter:card\" content=\"summary_large_image\" \/>\n<meta name=\"twitter:label1\" content=\"Dur\u00e9e de lecture estim\u00e9e\" \/>\n\t<meta name=\"twitter:data1\" content=\"1 minute\" \/>\n<script type=\"application\/ld+json\" class=\"yoast-schema-graph\">{\"@context\":\"https:\/\/schema.org\",\"@graph\":[{\"@type\":\"WebPage\",\"@id\":\"http:\/\/hoteldieudebrie.org\/index.php\/actualite-culturelle\/\",\"url\":\"http:\/\/hoteldieudebrie.org\/index.php\/actualite-culturelle\/\",\"name\":\"Actualit\u00e9s culturelles - H\u00f4tel-Dieu Brie-Comte-Robert.\",\"isPartOf\":{\"@id\":\"http:\/\/hoteldieudebrie.org\/#website\"},\"datePublished\":\"2023-12-07T17:57:28+00:00\",\"dateModified\":\"2024-03-07T10:41:48+00:00\",\"breadcrumb\":{\"@id\":\"http:\/\/hoteldieudebrie.org\/index.php\/actualite-culturelle\/#breadcrumb\"},\"inLanguage\":\"fr-FR\",\"potentialAction\":[{\"@type\":\"ReadAction\",\"target\":[\"http:\/\/hoteldieudebrie.org\/index.php\/actualite-culturelle\/\"]}]},{\"@type\":\"BreadcrumbList\",\"@id\":\"http:\/\/hoteldieudebrie.org\/index.php\/actualite-culturelle\/#breadcrumb\",\"itemListElement\":[{\"@type\":\"ListItem\",\"position\":1,\"name\":\"Accueil\",\"item\":\"https:\/\/hoteldieudebrie.org\/\"},{\"@type\":\"ListItem\",\"position\":2,\"name\":\"Actualit\u00e9s culturelles\"}]},{\"@type\":\"WebSite\",\"@id\":\"http:\/\/hoteldieudebrie.org\/#website\",\"url\":\"http:\/\/hoteldieudebrie.org\/\",\"name\":\"H\u00f4tel-Dieu Brie-Comte-Robert.\",\"description\":\"\u00a9 Les Amis du Vieux Ch\u00e2teau\",\"potentialAction\":[{\"@type\":\"SearchAction\",\"target\":{\"@type\":\"EntryPoint\",\"urlTemplate\":\"http:\/\/hoteldieudebrie.org\/?s={search_term_string}\"},\"query-input\":\"required name=search_term_string\"}],\"inLanguage\":\"fr-FR\"}]}<\/script>\n<!-- \/ Yoast SEO plugin. -->","yoast_head_json":{"title":"Actualit\u00e9s culturelles - H\u00f4tel-Dieu Brie-Comte-Robert.","robots":{"index":"index","follow":"follow","max-snippet":"max-snippet:-1","max-image-preview":"max-image-preview:large","max-video-preview":"max-video-preview:-1"},"canonical":"http:\/\/hoteldieudebrie.org\/index.php\/actualite-culturelle\/","og_locale":"fr_FR","og_type":"article","og_title":"Actualit\u00e9s culturelles - H\u00f4tel-Dieu Brie-Comte-Robert.","og_description":"Site des Amis du Vieux Ch\u00e2teau Acivit\u00e9s au ch\u00e2teau de Brie-Comte-Robert Parcours patrimonial Site de la mairie de Brie-Comte-Robert Autre patrimoine historique","og_url":"http:\/\/hoteldieudebrie.org\/index.php\/actualite-culturelle\/","og_site_name":"H\u00f4tel-Dieu Brie-Comte-Robert.","article_modified_time":"2024-03-07T10:41:48+00:00","og_image":[{"width":1428,"height":599,"url":"http:\/\/hoteldw.cluster029.hosting.ovh.net\/wp-content\/uploads\/2024\/01\/IMG20230916210909.png","type":"image\/png"}],"twitter_card":"summary_large_image","twitter_misc":{"Dur\u00e9e de lecture estim\u00e9e":"1 minute"},"schema":{"@context":"https:\/\/schema.org","@graph":[{"@type":"WebPage","@id":"http:\/\/hoteldieudebrie.org\/index.php\/actualite-culturelle\/","url":"http:\/\/hoteldieudebrie.org\/index.php\/actualite-culturelle\/","name":"Actualit\u00e9s culturelles - H\u00f4tel-Dieu Brie-Comte-Robert.","isPartOf":{"@id":"http:\/\/hoteldieudebrie.org\/#website"},"datePublished":"2023-12-07T17:57:28+00:00","dateModified":"2024-03-07T10:41:48+00:00","breadcrumb":{"@id":"http:\/\/hoteldieudebrie.org\/index.php\/actualite-culturelle\/#breadcrumb"},"inLanguage":"fr-FR","potentialAction":[{"@type":"ReadAction","target":["http:\/\/hoteldieudebrie.org\/index.php\/actualite-culturelle\/"]}]},{"@type":"BreadcrumbList","@id":"http:\/\/hoteldieudebrie.org\/index.php\/actualite-culturelle\/#breadcrumb","itemListElement":[{"@type":"ListItem","position":1,"name":"Accueil","item":"https:\/\/hoteldieudebrie.org\/"},{"@type":"ListItem","position":2,"name":"Actualit\u00e9s culturelles"}]},{"@type":"WebSite","@id":"http:\/\/hoteldieudebrie.org\/#website","url":"http:\/\/hoteldieudebrie.org\/","name":"H\u00f4tel-Dieu Brie-Comte-Robert.","description":"\u00a9 Les Amis du Vieux Ch\u00e2teau","potentialAction":[{"@type":"SearchAction","target":{"@type":"EntryPoint","urlTemplate":"http:\/\/hoteldieudebrie.org\/?s={search_term_string}"},"query-input":"required name=search_term_string"}],"inLanguage":"fr-FR"}]}},"_links":{"self":[{"href":"https:\/\/hoteldieudebrie.org\/index.php\/wp-json\/wp\/v2\/pages\/39"}],"collection":[{"href":"https:\/\/hoteldieudebrie.org\/index.php\/wp-json\/wp\/v2\/pages"}],"about":[{"href":"https:\/\/hoteldieudebrie.org\/index.php\/wp-json\/wp\/v2\/types\/page"}],"author":[{"embeddable":true,"href":"https:\/\/hoteldieudebrie.org\/index.php\/wp-json\/wp\/v2\/users\/1"}],"replies":[{"embeddable":true,"href":"https:\/\/hoteldieudebrie.org\/index.php\/wp-json\/wp\/v2\/comments?post=39"}],"version-history":[{"count":13,"href":"https:\/\/hoteldieudebrie.org\/index.php\/wp-json\/wp\/v2\/pages\/39\/revisions"}],"predecessor-version":[{"id":756,"href":"https:\/\/hoteldieudebrie.org\/index.php\/wp-json\/wp\/v2\/pages\/39\/revisions\/756"}],"wp:featuredmedia":[{"embeddable":true,"href":"https:\/\/hoteldieudebrie.org\/index.php\/wp-json\/wp\/v2\/media\/724"}],"wp:attachment":[{"href":"https:\/\/hoteldieudebrie.org\/index.php\/wp-json\/wp\/v2\/media?parent=39"}],"curies":[{"name":"wp","href":"https:\/\/api.w.org\/{rel}","templated":true}]}}