{"id":38,"date":"2023-12-07T18:57:28","date_gmt":"2023-12-07T17:57:28","guid":{"rendered":"https:\/\/hoteldw.cluster029.hosting.ovh.net\/?page_id=38"},"modified":"2024-01-18T16:31:55","modified_gmt":"2024-01-18T15:31:55","slug":"venir-a-brie","status":"publish","type":"page","link":"https:\/\/hoteldieudebrie.org\/index.php\/venir-a-brie\/","title":{"rendered":"Venir \u00e0 Brie"},"content":{"rendered":"\n<h3 class=\"wp-block-heading\">En voiture<\/h3>\n\n\n\n<ul>\n<li>Depuis Paris prendre l&rsquo;autoroute A4 puis la francilienne (A104) sortie 21. <\/li>\n\n\n\n<li>Depuis Melun par la francilienne, sortie 23, puis suivre l&rsquo;avenue jusqu&rsquo;au parking de la place des F\u00eates.<\/li>\n<\/ul>\n\n\n\n<p>L&rsquo;h\u00f4tel-Dieu se trouve \u00e0 3 minutes \u00e0 pied  en quittant le parking de la place des F\u00eates par la rue  des juifs, puis la rue des halles . <\/p>\n\n\n<p><iframe loading=\"lazy\" src=\"https:\/\/www.geoportail.gouv.fr\/embed\/visu.html?c=2.6079968427697566,48.690271279746696&amp;z=18&amp;l0=ORTHOIMAGERY.ORTHOPHOTOS::GEOPORTAIL:OGC:WMTS(1)&amp;permalink=yes\" width=\"600\" height=\"400\" frameborder=\"0\" marginwidth=\"0\" marginheight=\"0\" scrolling=\"no\" sandbox=\"allow-forms allow-scripts allow-same-origin\" allowfullscreen=\"allowfullscreen\"><\/iframe><\/p>\n\n\n<h3 class=\"wp-block-heading\">En bus<\/h3>\n\n\n\n<figure class=\"wp-block-image size-full\"><img loading=\"lazy\" decoding=\"async\" width=\"600\" height=\"464\" src=\"http:\/\/hoteldw.cluster029.hosting.ovh.net\/wp-content\/uploads\/2024\/01\/160_carte-bus.png\" alt=\"\" class=\"wp-image-700\" srcset=\"https:\/\/hoteldieudebrie.org\/wp-content\/uploads\/2024\/01\/160_carte-bus.png 600w, https:\/\/hoteldieudebrie.org\/wp-content\/uploads\/2024\/01\/160_carte-bus-300x232.png 300w\" sizes=\"(max-width: 600px) 100vw, 600px\" \/><\/figure>\n\n\n\n<p>Depuis <strong><em>Boissy-Saint-L\u00e9ger<\/em><\/strong> (RER A) puis bus lignes 21 ou 23.<br>Depuis <strong><em>Combs-la-Ville<\/em><\/strong> (RER D) puis bus ligne 1 ou 2 (ne circulent pas les dimanches).<\/p>\n\n\n\n<p>Pour trouver les horaires des lignes et les tarifs, renseignez-vous aupr\u00e8s des transporteurs :<\/p>\n\n\n\n<p><a href=\"https:\/\/me-deplacer.iledefrance-mobilites.fr\/itineraire\">http:\/\/ildefrancemobilit\u00e9s.fr<\/a><\/p>\n\n\n\n<p><strong>KEOLIS<\/strong><br>CD 50, Villemeneux<br>77170 Brie Comte Robert<br>T\u00e9l : 01 64 75 38 00<br><\/p>\n\n\n\n<p><\/p>\n\n\n\n<p><strong>Seine-et-Marne Express : EX16<\/strong><br>www.seine-et-marne.fr<br><\/p>\n","protected":false},"excerpt":{"rendered":"<p>En voiture L&rsquo;h\u00f4tel-Dieu se trouve \u00e0 3 minutes \u00e0 pied en quittant le parking de la place des F\u00eates par la rue des juifs, puis la rue des halles . En bus Depuis Boissy-Saint-L\u00e9ger (RER A) puis bus lignes 21 ou 23.Depuis Combs-la-Ville (RER D) puis bus ligne 1 ou 2 (ne circulent pas les [&hellip;]<\/p>\n","protected":false},"author":1,"featured_media":369,"parent":0,"menu_order":0,"comment_status":"closed","ping_status":"closed","template":"","meta":{"footnotes":""},"yoast_head":"<!-- This site is optimized with the Yoast SEO plugin v21.6 - https:\/\/yoast.com\/wordpress\/plugins\/seo\/ -->\n<title>Venir \u00e0 Brie - H\u00f4tel-Dieu Brie-Comte-Robert.<\/title>\n<meta name=\"robots\" content=\"index, follow, max-snippet:-1, max-image-preview:large, max-video-preview:-1\" \/>\n<link rel=\"canonical\" href=\"http:\/\/hoteldieudebrie.org\/index.php\/venir-a-brie\/\" \/>\n<meta property=\"og:locale\" content=\"fr_FR\" \/>\n<meta property=\"og:type\" content=\"article\" \/>\n<meta property=\"og:title\" content=\"Venir \u00e0 Brie - H\u00f4tel-Dieu Brie-Comte-Robert.\" \/>\n<meta property=\"og:description\" content=\"En voiture L&rsquo;h\u00f4tel-Dieu se trouve \u00e0 3 minutes \u00e0 pied en quittant le parking de la place des F\u00eates par la rue des juifs, puis la rue des halles . En bus Depuis Boissy-Saint-L\u00e9ger (RER A) puis bus lignes 21 ou 23.Depuis Combs-la-Ville (RER D) puis bus ligne 1 ou 2 (ne circulent pas les [&hellip;]\" \/>\n<meta property=\"og:url\" content=\"http:\/\/hoteldieudebrie.org\/index.php\/venir-a-brie\/\" \/>\n<meta property=\"og:site_name\" content=\"H\u00f4tel-Dieu Brie-Comte-Robert.\" \/>\n<meta property=\"article:modified_time\" content=\"2024-01-18T15:31:55+00:00\" \/>\n<meta property=\"og:image\" content=\"http:\/\/hoteldw.cluster029.hosting.ovh.net\/wp-content\/uploads\/2023\/12\/Capture-decran-2021-01-21-a-10.50.24-1024x430.png\" \/>\n\t<meta property=\"og:image:width\" content=\"1024\" \/>\n\t<meta property=\"og:image:height\" content=\"430\" \/>\n\t<meta property=\"og:image:type\" content=\"image\/png\" \/>\n<meta name=\"twitter:card\" content=\"summary_large_image\" \/>\n<meta name=\"twitter:label1\" content=\"Dur\u00e9e de lecture estim\u00e9e\" \/>\n\t<meta name=\"twitter:data1\" content=\"1 minute\" \/>\n<script type=\"application\/ld+json\" class=\"yoast-schema-graph\">{\"@context\":\"https:\/\/schema.org\",\"@graph\":[{\"@type\":\"WebPage\",\"@id\":\"http:\/\/hoteldieudebrie.org\/index.php\/venir-a-brie\/\",\"url\":\"http:\/\/hoteldieudebrie.org\/index.php\/venir-a-brie\/\",\"name\":\"Venir \u00e0 Brie - H\u00f4tel-Dieu Brie-Comte-Robert.\",\"isPartOf\":{\"@id\":\"http:\/\/hoteldieudebrie.org\/#website\"},\"datePublished\":\"2023-12-07T17:57:28+00:00\",\"dateModified\":\"2024-01-18T15:31:55+00:00\",\"breadcrumb\":{\"@id\":\"http:\/\/hoteldieudebrie.org\/index.php\/venir-a-brie\/#breadcrumb\"},\"inLanguage\":\"fr-FR\",\"potentialAction\":[{\"@type\":\"ReadAction\",\"target\":[\"http:\/\/hoteldieudebrie.org\/index.php\/venir-a-brie\/\"]}]},{\"@type\":\"BreadcrumbList\",\"@id\":\"http:\/\/hoteldieudebrie.org\/index.php\/venir-a-brie\/#breadcrumb\",\"itemListElement\":[{\"@type\":\"ListItem\",\"position\":1,\"name\":\"Accueil\",\"item\":\"https:\/\/hoteldieudebrie.org\/\"},{\"@type\":\"ListItem\",\"position\":2,\"name\":\"Venir \u00e0 Brie\"}]},{\"@type\":\"WebSite\",\"@id\":\"http:\/\/hoteldieudebrie.org\/#website\",\"url\":\"http:\/\/hoteldieudebrie.org\/\",\"name\":\"H\u00f4tel-Dieu Brie-Comte-Robert.\",\"description\":\"\u00a9 Les Amis du Vieux Ch\u00e2teau\",\"potentialAction\":[{\"@type\":\"SearchAction\",\"target\":{\"@type\":\"EntryPoint\",\"urlTemplate\":\"http:\/\/hoteldieudebrie.org\/?s={search_term_string}\"},\"query-input\":\"required name=search_term_string\"}],\"inLanguage\":\"fr-FR\"}]}<\/script>\n<!-- \/ Yoast SEO plugin. -->","yoast_head_json":{"title":"Venir \u00e0 Brie - H\u00f4tel-Dieu Brie-Comte-Robert.","robots":{"index":"index","follow":"follow","max-snippet":"max-snippet:-1","max-image-preview":"max-image-preview:large","max-video-preview":"max-video-preview:-1"},"canonical":"http:\/\/hoteldieudebrie.org\/index.php\/venir-a-brie\/","og_locale":"fr_FR","og_type":"article","og_title":"Venir \u00e0 Brie - H\u00f4tel-Dieu Brie-Comte-Robert.","og_description":"En voiture L&rsquo;h\u00f4tel-Dieu se trouve \u00e0 3 minutes \u00e0 pied en quittant le parking de la place des F\u00eates par la rue des juifs, puis la rue des halles . En bus Depuis Boissy-Saint-L\u00e9ger (RER A) puis bus lignes 21 ou 23.Depuis Combs-la-Ville (RER D) puis bus ligne 1 ou 2 (ne circulent pas les [&hellip;]","og_url":"http:\/\/hoteldieudebrie.org\/index.php\/venir-a-brie\/","og_site_name":"H\u00f4tel-Dieu Brie-Comte-Robert.","article_modified_time":"2024-01-18T15:31:55+00:00","og_image":[{"width":1024,"height":430,"url":"http:\/\/hoteldw.cluster029.hosting.ovh.net\/wp-content\/uploads\/2023\/12\/Capture-decran-2021-01-21-a-10.50.24-1024x430.png","type":"image\/png"}],"twitter_card":"summary_large_image","twitter_misc":{"Dur\u00e9e de lecture estim\u00e9e":"1 minute"},"schema":{"@context":"https:\/\/schema.org","@graph":[{"@type":"WebPage","@id":"http:\/\/hoteldieudebrie.org\/index.php\/venir-a-brie\/","url":"http:\/\/hoteldieudebrie.org\/index.php\/venir-a-brie\/","name":"Venir \u00e0 Brie - H\u00f4tel-Dieu Brie-Comte-Robert.","isPartOf":{"@id":"http:\/\/hoteldieudebrie.org\/#website"},"datePublished":"2023-12-07T17:57:28+00:00","dateModified":"2024-01-18T15:31:55+00:00","breadcrumb":{"@id":"http:\/\/hoteldieudebrie.org\/index.php\/venir-a-brie\/#breadcrumb"},"inLanguage":"fr-FR","potentialAction":[{"@type":"ReadAction","target":["http:\/\/hoteldieudebrie.org\/index.php\/venir-a-brie\/"]}]},{"@type":"BreadcrumbList","@id":"http:\/\/hoteldieudebrie.org\/index.php\/venir-a-brie\/#breadcrumb","itemListElement":[{"@type":"ListItem","position":1,"name":"Accueil","item":"https:\/\/hoteldieudebrie.org\/"},{"@type":"ListItem","position":2,"name":"Venir \u00e0 Brie"}]},{"@type":"WebSite","@id":"http:\/\/hoteldieudebrie.org\/#website","url":"http:\/\/hoteldieudebrie.org\/","name":"H\u00f4tel-Dieu Brie-Comte-Robert.","description":"\u00a9 Les Amis du Vieux Ch\u00e2teau","potentialAction":[{"@type":"SearchAction","target":{"@type":"EntryPoint","urlTemplate":"http:\/\/hoteldieudebrie.org\/?s={search_term_string}"},"query-input":"required name=search_term_string"}],"inLanguage":"fr-FR"}]}},"_links":{"self":[{"href":"https:\/\/hoteldieudebrie.org\/index.php\/wp-json\/wp\/v2\/pages\/38"}],"collection":[{"href":"https:\/\/hoteldieudebrie.org\/index.php\/wp-json\/wp\/v2\/pages"}],"about":[{"href":"https:\/\/hoteldieudebrie.org\/index.php\/wp-json\/wp\/v2\/types\/page"}],"author":[{"embeddable":true,"href":"https:\/\/hoteldieudebrie.org\/index.php\/wp-json\/wp\/v2\/users\/1"}],"replies":[{"embeddable":true,"href":"https:\/\/hoteldieudebrie.org\/index.php\/wp-json\/wp\/v2\/comments?post=38"}],"version-history":[{"count":11,"href":"https:\/\/hoteldieudebrie.org\/index.php\/wp-json\/wp\/v2\/pages\/38\/revisions"}],"predecessor-version":[{"id":721,"href":"https:\/\/hoteldieudebrie.org\/index.php\/wp-json\/wp\/v2\/pages\/38\/revisions\/721"}],"wp:featuredmedia":[{"embeddable":true,"href":"https:\/\/hoteldieudebrie.org\/index.php\/wp-json\/wp\/v2\/media\/369"}],"wp:attachment":[{"href":"https:\/\/hoteldieudebrie.org\/index.php\/wp-json\/wp\/v2\/media?parent=38"}],"curies":[{"name":"wp","href":"https:\/\/api.w.org\/{rel}","templated":true}]}}