{"id":30,"date":"2023-12-07T18:54:09","date_gmt":"2023-12-07T17:54:09","guid":{"rendered":"https:\/\/hoteldw.cluster029.hosting.ovh.net\/?page_id=30"},"modified":"2024-01-18T17:22:30","modified_gmt":"2024-01-18T16:22:30","slug":"interieure","status":"publish","type":"page","link":"https:\/\/hoteldieudebrie.org\/index.php\/interieure\/","title":{"rendered":"Architecture int\u00e9rieure"},"content":{"rendered":"\n<figure class=\"wp-block-image size-full\"><img loading=\"lazy\" decoding=\"async\" width=\"800\" height=\"498\" src=\"https:\/\/hoteldw.cluster029.hosting.ovh.net\/wp-content\/uploads\/2023\/12\/20231011_HD.jpg\" alt=\"\" class=\"wp-image-86\" srcset=\"https:\/\/hoteldieudebrie.org\/wp-content\/uploads\/2023\/12\/20231011_HD.jpg 800w, https:\/\/hoteldieudebrie.org\/wp-content\/uploads\/2023\/12\/20231011_HD-300x187.jpg 300w, https:\/\/hoteldieudebrie.org\/wp-content\/uploads\/2023\/12\/20231011_HD-768x478.jpg 768w\" sizes=\"(max-width: 800px) 100vw, 800px\" \/><\/figure>\n\n\n\n<p><\/p>\n\n\n\n<figure class=\"wp-block-image size-large is-resized\"><img loading=\"lazy\" decoding=\"async\" width=\"1024\" height=\"773\" src=\"https:\/\/hoteldw.cluster029.hosting.ovh.net\/wp-content\/uploads\/2023\/12\/1715_facade_HD-red-1024x773.png\" alt=\"\" class=\"wp-image-374\" style=\"width:610px;height:auto\" srcset=\"https:\/\/hoteldieudebrie.org\/wp-content\/uploads\/2023\/12\/1715_facade_HD-red-1024x773.png 1024w, https:\/\/hoteldieudebrie.org\/wp-content\/uploads\/2023\/12\/1715_facade_HD-red-300x227.png 300w, https:\/\/hoteldieudebrie.org\/wp-content\/uploads\/2023\/12\/1715_facade_HD-red-768x580.png 768w, https:\/\/hoteldieudebrie.org\/wp-content\/uploads\/2023\/12\/1715_facade_HD-red-1536x1160.png 1536w, https:\/\/hoteldieudebrie.org\/wp-content\/uploads\/2023\/12\/1715_facade_HD-red-2048x1547.png 2048w, https:\/\/hoteldieudebrie.org\/wp-content\/uploads\/2023\/12\/1715_facade_HD-red-900x680.png 900w, https:\/\/hoteldieudebrie.org\/wp-content\/uploads\/2023\/12\/1715_facade_HD-red-1280x967.png 1280w\" sizes=\"(max-width: 1024px) 100vw, 1024px\" \/><\/figure>\n\n\n\n<figure class=\"wp-block-image size-large\"><img loading=\"lazy\" decoding=\"async\" width=\"1024\" height=\"709\" src=\"https:\/\/hoteldw.cluster029.hosting.ovh.net\/wp-content\/uploads\/2023\/12\/Plan01-1024x709.png\" alt=\"\" class=\"wp-image-376\" srcset=\"https:\/\/hoteldieudebrie.org\/wp-content\/uploads\/2023\/12\/Plan01-1024x709.png 1024w, https:\/\/hoteldieudebrie.org\/wp-content\/uploads\/2023\/12\/Plan01-300x208.png 300w, https:\/\/hoteldieudebrie.org\/wp-content\/uploads\/2023\/12\/Plan01-768x532.png 768w, https:\/\/hoteldieudebrie.org\/wp-content\/uploads\/2023\/12\/Plan01-1536x1064.png 1536w, https:\/\/hoteldieudebrie.org\/wp-content\/uploads\/2023\/12\/Plan01-2048x1418.png 2048w, https:\/\/hoteldieudebrie.org\/wp-content\/uploads\/2023\/12\/Plan01-900x623.png 900w, https:\/\/hoteldieudebrie.org\/wp-content\/uploads\/2023\/12\/Plan01-1280x886.png 1280w\" sizes=\"(max-width: 1024px) 100vw, 1024px\" \/><\/figure>\n\n\n\n<figure class=\"wp-block-image size-large\"><img loading=\"lazy\" decoding=\"async\" width=\"1024\" height=\"772\" src=\"https:\/\/hoteldw.cluster029.hosting.ovh.net\/wp-content\/uploads\/2023\/12\/1850_Hospice_Fallet-red-1024x772.png\" alt=\"\" class=\"wp-image-378\" srcset=\"https:\/\/hoteldieudebrie.org\/wp-content\/uploads\/2023\/12\/1850_Hospice_Fallet-red-1024x772.png 1024w, https:\/\/hoteldieudebrie.org\/wp-content\/uploads\/2023\/12\/1850_Hospice_Fallet-red-300x226.png 300w, https:\/\/hoteldieudebrie.org\/wp-content\/uploads\/2023\/12\/1850_Hospice_Fallet-red-768x579.png 768w, https:\/\/hoteldieudebrie.org\/wp-content\/uploads\/2023\/12\/1850_Hospice_Fallet-red-900x678.png 900w, https:\/\/hoteldieudebrie.org\/wp-content\/uploads\/2023\/12\/1850_Hospice_Fallet-red-1280x965.png 1280w, https:\/\/hoteldieudebrie.org\/wp-content\/uploads\/2023\/12\/1850_Hospice_Fallet-red.png 1396w\" sizes=\"(max-width: 1024px) 100vw, 1024px\" \/><\/figure>\n\n\n\n<p>La salle basse \u00e9tait couverte de voutes d\u2019ogives reposant sur deux piliers centraux et sur des consoles. Les murs pignon \u00e9taient perc\u00e9s de baies en lancettes. La grande salle de trois trav\u00e9es \u00e9tait surmont\u00e9e d\u2019un \u00e9tage \u00e9clair\u00e9 par 8 fen\u00eatres g\u00e9min\u00e9es, \u00e9tage qui fut d\u00e9truit en 1831.<\/p>\n\n\n\n<figure class=\"wp-block-image size-large\"><img loading=\"lazy\" decoding=\"async\" width=\"1024\" height=\"741\" src=\"https:\/\/hoteldw.cluster029.hosting.ovh.net\/wp-content\/uploads\/2023\/12\/Plan_HD_2-1024x741.png\" alt=\"\" class=\"wp-image-95\" srcset=\"https:\/\/hoteldieudebrie.org\/wp-content\/uploads\/2023\/12\/Plan_HD_2-1024x741.png 1024w, https:\/\/hoteldieudebrie.org\/wp-content\/uploads\/2023\/12\/Plan_HD_2-300x217.png 300w, https:\/\/hoteldieudebrie.org\/wp-content\/uploads\/2023\/12\/Plan_HD_2-768x556.png 768w, https:\/\/hoteldieudebrie.org\/wp-content\/uploads\/2023\/12\/Plan_HD_2-1536x1112.png 1536w, https:\/\/hoteldieudebrie.org\/wp-content\/uploads\/2023\/12\/Plan_HD_2-900x652.png 900w, https:\/\/hoteldieudebrie.org\/wp-content\/uploads\/2023\/12\/Plan_HD_2-1280x927.png 1280w, https:\/\/hoteldieudebrie.org\/wp-content\/uploads\/2023\/12\/Plan_HD_2.png 1920w\" sizes=\"(max-width: 1024px) 100vw, 1024px\" \/><\/figure>\n\n\n\n<p><a href=\"https:\/\/collectif-objets.beta.gouv.fr\/objets?commune_code_insee=77053#hotel-dieu-ancien\">Quinze objets<\/a> provenant de l&rsquo;h\u00f4tel-Dieu ont \u00e9t\u00e9 inscrits dans la base M\u00e9rim\u00e9e.<\/p>\n","protected":false},"excerpt":{"rendered":"<p>La salle basse \u00e9tait couverte de voutes d\u2019ogives reposant sur deux piliers centraux et sur des consoles. Les murs pignon \u00e9taient perc\u00e9s de baies en lancettes. La grande salle de trois trav\u00e9es \u00e9tait surmont\u00e9e d\u2019un \u00e9tage \u00e9clair\u00e9 par 8 fen\u00eatres g\u00e9min\u00e9es, \u00e9tage qui fut d\u00e9truit en 1831. Quinze objets provenant de l&rsquo;h\u00f4tel-Dieu ont \u00e9t\u00e9 inscrits [&hellip;]<\/p>\n","protected":false},"author":1,"featured_media":725,"parent":0,"menu_order":0,"comment_status":"closed","ping_status":"closed","template":"","meta":{"footnotes":""},"yoast_head":"<!-- This site is optimized with the Yoast SEO plugin v21.6 - https:\/\/yoast.com\/wordpress\/plugins\/seo\/ -->\n<title>Architecture int\u00e9rieure - H\u00f4tel-Dieu Brie-Comte-Robert.<\/title>\n<meta name=\"robots\" content=\"index, follow, max-snippet:-1, max-image-preview:large, max-video-preview:-1\" \/>\n<link rel=\"canonical\" href=\"http:\/\/hoteldieudebrie.org\/index.php\/interieure\/\" \/>\n<meta property=\"og:locale\" content=\"fr_FR\" \/>\n<meta property=\"og:type\" content=\"article\" \/>\n<meta property=\"og:title\" content=\"Architecture int\u00e9rieure - H\u00f4tel-Dieu Brie-Comte-Robert.\" \/>\n<meta property=\"og:description\" content=\"La salle basse \u00e9tait couverte de voutes d\u2019ogives reposant sur deux piliers centraux et sur des consoles. Les murs pignon \u00e9taient perc\u00e9s de baies en lancettes. La grande salle de trois trav\u00e9es \u00e9tait surmont\u00e9e d\u2019un \u00e9tage \u00e9clair\u00e9 par 8 fen\u00eatres g\u00e9min\u00e9es, \u00e9tage qui fut d\u00e9truit en 1831. Quinze objets provenant de l&rsquo;h\u00f4tel-Dieu ont \u00e9t\u00e9 inscrits [&hellip;]\" \/>\n<meta property=\"og:url\" content=\"http:\/\/hoteldieudebrie.org\/index.php\/interieure\/\" \/>\n<meta property=\"og:site_name\" content=\"H\u00f4tel-Dieu Brie-Comte-Robert.\" \/>\n<meta property=\"article:modified_time\" content=\"2024-01-18T16:22:30+00:00\" \/>\n<meta property=\"og:image\" content=\"http:\/\/hoteldw.cluster029.hosting.ovh.net\/wp-content\/uploads\/2024\/01\/salleHDclaire.png\" \/>\n\t<meta property=\"og:image:width\" content=\"1280\" \/>\n\t<meta property=\"og:image:height\" content=\"458\" \/>\n\t<meta property=\"og:image:type\" content=\"image\/png\" \/>\n<meta name=\"twitter:card\" content=\"summary_large_image\" \/>\n<meta name=\"twitter:label1\" content=\"Dur\u00e9e de lecture estim\u00e9e\" \/>\n\t<meta name=\"twitter:data1\" content=\"2 minutes\" \/>\n<script type=\"application\/ld+json\" class=\"yoast-schema-graph\">{\"@context\":\"https:\/\/schema.org\",\"@graph\":[{\"@type\":\"WebPage\",\"@id\":\"http:\/\/hoteldieudebrie.org\/index.php\/interieure\/\",\"url\":\"http:\/\/hoteldieudebrie.org\/index.php\/interieure\/\",\"name\":\"Architecture int\u00e9rieure - H\u00f4tel-Dieu Brie-Comte-Robert.\",\"isPartOf\":{\"@id\":\"http:\/\/hoteldieudebrie.org\/#website\"},\"datePublished\":\"2023-12-07T17:54:09+00:00\",\"dateModified\":\"2024-01-18T16:22:30+00:00\",\"breadcrumb\":{\"@id\":\"http:\/\/hoteldieudebrie.org\/index.php\/interieure\/#breadcrumb\"},\"inLanguage\":\"fr-FR\",\"potentialAction\":[{\"@type\":\"ReadAction\",\"target\":[\"http:\/\/hoteldieudebrie.org\/index.php\/interieure\/\"]}]},{\"@type\":\"BreadcrumbList\",\"@id\":\"http:\/\/hoteldieudebrie.org\/index.php\/interieure\/#breadcrumb\",\"itemListElement\":[{\"@type\":\"ListItem\",\"position\":1,\"name\":\"Accueil\",\"item\":\"https:\/\/hoteldieudebrie.org\/\"},{\"@type\":\"ListItem\",\"position\":2,\"name\":\"Architecture int\u00e9rieure\"}]},{\"@type\":\"WebSite\",\"@id\":\"http:\/\/hoteldieudebrie.org\/#website\",\"url\":\"http:\/\/hoteldieudebrie.org\/\",\"name\":\"H\u00f4tel-Dieu Brie-Comte-Robert.\",\"description\":\"\u00a9 Les Amis du Vieux Ch\u00e2teau\",\"potentialAction\":[{\"@type\":\"SearchAction\",\"target\":{\"@type\":\"EntryPoint\",\"urlTemplate\":\"http:\/\/hoteldieudebrie.org\/?s={search_term_string}\"},\"query-input\":\"required name=search_term_string\"}],\"inLanguage\":\"fr-FR\"}]}<\/script>\n<!-- \/ Yoast SEO plugin. -->","yoast_head_json":{"title":"Architecture int\u00e9rieure - H\u00f4tel-Dieu Brie-Comte-Robert.","robots":{"index":"index","follow":"follow","max-snippet":"max-snippet:-1","max-image-preview":"max-image-preview:large","max-video-preview":"max-video-preview:-1"},"canonical":"http:\/\/hoteldieudebrie.org\/index.php\/interieure\/","og_locale":"fr_FR","og_type":"article","og_title":"Architecture int\u00e9rieure - H\u00f4tel-Dieu Brie-Comte-Robert.","og_description":"La salle basse \u00e9tait couverte de voutes d\u2019ogives reposant sur deux piliers centraux et sur des consoles. Les murs pignon \u00e9taient perc\u00e9s de baies en lancettes. La grande salle de trois trav\u00e9es \u00e9tait surmont\u00e9e d\u2019un \u00e9tage \u00e9clair\u00e9 par 8 fen\u00eatres g\u00e9min\u00e9es, \u00e9tage qui fut d\u00e9truit en 1831. Quinze objets provenant de l&rsquo;h\u00f4tel-Dieu ont \u00e9t\u00e9 inscrits [&hellip;]","og_url":"http:\/\/hoteldieudebrie.org\/index.php\/interieure\/","og_site_name":"H\u00f4tel-Dieu Brie-Comte-Robert.","article_modified_time":"2024-01-18T16:22:30+00:00","og_image":[{"width":1280,"height":458,"url":"http:\/\/hoteldw.cluster029.hosting.ovh.net\/wp-content\/uploads\/2024\/01\/salleHDclaire.png","type":"image\/png"}],"twitter_card":"summary_large_image","twitter_misc":{"Dur\u00e9e de lecture estim\u00e9e":"2 minutes"},"schema":{"@context":"https:\/\/schema.org","@graph":[{"@type":"WebPage","@id":"http:\/\/hoteldieudebrie.org\/index.php\/interieure\/","url":"http:\/\/hoteldieudebrie.org\/index.php\/interieure\/","name":"Architecture int\u00e9rieure - H\u00f4tel-Dieu Brie-Comte-Robert.","isPartOf":{"@id":"http:\/\/hoteldieudebrie.org\/#website"},"datePublished":"2023-12-07T17:54:09+00:00","dateModified":"2024-01-18T16:22:30+00:00","breadcrumb":{"@id":"http:\/\/hoteldieudebrie.org\/index.php\/interieure\/#breadcrumb"},"inLanguage":"fr-FR","potentialAction":[{"@type":"ReadAction","target":["http:\/\/hoteldieudebrie.org\/index.php\/interieure\/"]}]},{"@type":"BreadcrumbList","@id":"http:\/\/hoteldieudebrie.org\/index.php\/interieure\/#breadcrumb","itemListElement":[{"@type":"ListItem","position":1,"name":"Accueil","item":"https:\/\/hoteldieudebrie.org\/"},{"@type":"ListItem","position":2,"name":"Architecture int\u00e9rieure"}]},{"@type":"WebSite","@id":"http:\/\/hoteldieudebrie.org\/#website","url":"http:\/\/hoteldieudebrie.org\/","name":"H\u00f4tel-Dieu Brie-Comte-Robert.","description":"\u00a9 Les Amis du Vieux Ch\u00e2teau","potentialAction":[{"@type":"SearchAction","target":{"@type":"EntryPoint","urlTemplate":"http:\/\/hoteldieudebrie.org\/?s={search_term_string}"},"query-input":"required name=search_term_string"}],"inLanguage":"fr-FR"}]}},"_links":{"self":[{"href":"https:\/\/hoteldieudebrie.org\/index.php\/wp-json\/wp\/v2\/pages\/30"}],"collection":[{"href":"https:\/\/hoteldieudebrie.org\/index.php\/wp-json\/wp\/v2\/pages"}],"about":[{"href":"https:\/\/hoteldieudebrie.org\/index.php\/wp-json\/wp\/v2\/types\/page"}],"author":[{"embeddable":true,"href":"https:\/\/hoteldieudebrie.org\/index.php\/wp-json\/wp\/v2\/users\/1"}],"replies":[{"embeddable":true,"href":"https:\/\/hoteldieudebrie.org\/index.php\/wp-json\/wp\/v2\/comments?post=30"}],"version-history":[{"count":8,"href":"https:\/\/hoteldieudebrie.org\/index.php\/wp-json\/wp\/v2\/pages\/30\/revisions"}],"predecessor-version":[{"id":530,"href":"https:\/\/hoteldieudebrie.org\/index.php\/wp-json\/wp\/v2\/pages\/30\/revisions\/530"}],"wp:featuredmedia":[{"embeddable":true,"href":"https:\/\/hoteldieudebrie.org\/index.php\/wp-json\/wp\/v2\/media\/725"}],"wp:attachment":[{"href":"https:\/\/hoteldieudebrie.org\/index.php\/wp-json\/wp\/v2\/media?parent=30"}],"curies":[{"name":"wp","href":"https:\/\/api.w.org\/{rel}","templated":true}]}}