{"id":29,"date":"2023-12-07T18:54:09","date_gmt":"2023-12-07T17:54:09","guid":{"rendered":"https:\/\/hoteldw.cluster029.hosting.ovh.net\/?page_id=29"},"modified":"2024-02-01T09:49:33","modified_gmt":"2024-02-01T08:49:33","slug":"exterieure","status":"publish","type":"page","link":"https:\/\/hoteldieudebrie.org\/index.php\/exterieure\/","title":{"rendered":"Architecture ext\u00e9rieure"},"content":{"rendered":"\n<p>La fa\u00e7ade de l\u2019h\u00f4tel-Dieu (XIIIe si\u00e8cle) se d\u00e9veloppe en bordure de la rue des Halles sur une longueur de 15 m.<\/p>\n\n\n\n<p>Sa porte principale est encadr\u00e9e sur chacun de ses c\u00f4t\u00e9s par trois arcs bris\u00e9s.<\/p>\n\n\n\n<figure class=\"wp-block-image size-large\"><img loading=\"lazy\" decoding=\"async\" width=\"1024\" height=\"800\" src=\"https:\/\/hoteldw.cluster029.hosting.ovh.net\/wp-content\/uploads\/2023\/12\/HD-Fichot2-1024x800.png\" alt=\"\" class=\"wp-image-329\" srcset=\"https:\/\/hoteldieudebrie.org\/wp-content\/uploads\/2023\/12\/HD-Fichot2-1024x800.png 1024w, https:\/\/hoteldieudebrie.org\/wp-content\/uploads\/2023\/12\/HD-Fichot2-300x234.png 300w, https:\/\/hoteldieudebrie.org\/wp-content\/uploads\/2023\/12\/HD-Fichot2-768x600.png 768w, https:\/\/hoteldieudebrie.org\/wp-content\/uploads\/2023\/12\/HD-Fichot2-1536x1200.png 1536w, https:\/\/hoteldieudebrie.org\/wp-content\/uploads\/2023\/12\/HD-Fichot2-2048x1600.png 2048w, https:\/\/hoteldieudebrie.org\/wp-content\/uploads\/2023\/12\/HD-Fichot2-900x703.png 900w, https:\/\/hoteldieudebrie.org\/wp-content\/uploads\/2023\/12\/HD-Fichot2-1280x1000.png 1280w\" sizes=\"(max-width: 1024px) 100vw, 1024px\" \/><\/figure>\n\n\n\n<p>Le motif de <strong>b\u00e2tons bris\u00e9s<\/strong>, \u00e9galement dit de <strong>b\u00e2tons rompus<\/strong> ou de <strong>chevrons<\/strong>, est un motif ornemental constitu\u00e9 de segments de droite en relief dispos\u00e9s en zigzag, que l&rsquo;on retrouve dans l&rsquo;architecture romane, dans le style de transition entre roman et gothique.<\/p>\n\n\n\n<p>Les arcs retombent sur des chapiteaux \u00e0 tailloir carr\u00e9.<\/p>\n\n\n\n<p>A gauche, les chapiteaux repr\u00e9sentent des plantes aquatiques, des <a href=\"http:\/\/hoteldw.cluster029.hosting.ovh.net\/index.php\/glossaire\/&quot;ancreC\">c<\/a><a href=\"http:\/\/hoteldw.cluster029.hosting.ovh.net\/index.php\/glossaire\/#ancreC\">rochets<\/a>, des fruits arriv\u00e9s \u00e0 maturit\u00e9 et \u00e0 droite, des feuilles de ch\u00eane.<\/p>\n\n\n\n<p>Nous remarquons sur les photos et dessins anciens que la quatri\u00e8me colonnette du portail ne supporte rien.<\/p>\n\n\n\n<p>En r\u00e9alit\u00e9 elles \u00e9taient destin\u00e9es \u00e0 supporter un tympan qui a disparu pour permettre la mise en place d\u2019une fen\u00eatre. La restauration de la fa\u00e7ade&nbsp; a permis de replacer ce tympan redonnant ainsi un r\u00f4le aux colonnettes. Cette disposition est inhabituelle car si le chapiteau est toujours pr\u00e9sent, il est le plus souvent port\u00e9 par un pilastre que l\u2019on interpr\u00e8te comme le prolongement d\u2019un mur.<\/p>\n\n\n\n<figure class=\"wp-block-image size-full is-resized\"><img loading=\"lazy\" decoding=\"async\" width=\"355\" height=\"299\" src=\"http:\/\/hoteldw.cluster029.hosting.ovh.net\/wp-content\/uploads\/2023\/12\/HD_restaure.png\" alt=\"\" class=\"wp-image-258\" style=\"width:450px;height:auto\" srcset=\"https:\/\/hoteldieudebrie.org\/wp-content\/uploads\/2023\/12\/HD_restaure.png 355w, https:\/\/hoteldieudebrie.org\/wp-content\/uploads\/2023\/12\/HD_restaure-300x253.png 300w\" sizes=\"(max-width: 355px) 100vw, 355px\" \/><figcaption class=\"wp-element-caption\">photo : Michel Piechaczyk<\/figcaption><\/figure>\n","protected":false},"excerpt":{"rendered":"<p>La fa\u00e7ade de l\u2019h\u00f4tel-Dieu (XIIIe si\u00e8cle) se d\u00e9veloppe en bordure de la rue des Halles sur une longueur de 15 m. Sa porte principale est encadr\u00e9e sur chacun de ses c\u00f4t\u00e9s par trois arcs bris\u00e9s. Le motif de b\u00e2tons bris\u00e9s, \u00e9galement dit de b\u00e2tons rompus ou de chevrons, est un motif ornemental constitu\u00e9 de segments [&hellip;]<\/p>\n","protected":false},"author":1,"featured_media":250,"parent":0,"menu_order":0,"comment_status":"closed","ping_status":"closed","template":"","meta":{"footnotes":""},"yoast_head":"<!-- This site is optimized with the Yoast SEO plugin v21.6 - https:\/\/yoast.com\/wordpress\/plugins\/seo\/ -->\n<title>Architecture ext\u00e9rieure - H\u00f4tel-Dieu Brie-Comte-Robert.<\/title>\n<meta name=\"robots\" content=\"index, follow, max-snippet:-1, max-image-preview:large, max-video-preview:-1\" \/>\n<link rel=\"canonical\" href=\"http:\/\/hoteldieudebrie.org\/index.php\/exterieure\/\" \/>\n<meta property=\"og:locale\" content=\"fr_FR\" \/>\n<meta property=\"og:type\" content=\"article\" \/>\n<meta property=\"og:title\" content=\"Architecture ext\u00e9rieure - H\u00f4tel-Dieu Brie-Comte-Robert.\" \/>\n<meta property=\"og:description\" content=\"La fa\u00e7ade de l\u2019h\u00f4tel-Dieu (XIIIe si\u00e8cle) se d\u00e9veloppe en bordure de la rue des Halles sur une longueur de 15 m. Sa porte principale est encadr\u00e9e sur chacun de ses c\u00f4t\u00e9s par trois arcs bris\u00e9s. Le motif de b\u00e2tons bris\u00e9s, \u00e9galement dit de b\u00e2tons rompus ou de chevrons, est un motif ornemental constitu\u00e9 de segments [&hellip;]\" \/>\n<meta property=\"og:url\" content=\"http:\/\/hoteldieudebrie.org\/index.php\/exterieure\/\" \/>\n<meta property=\"og:site_name\" content=\"H\u00f4tel-Dieu Brie-Comte-Robert.\" \/>\n<meta property=\"article:modified_time\" content=\"2024-02-01T08:49:33+00:00\" \/>\n<meta property=\"og:image\" content=\"http:\/\/hoteldw.cluster029.hosting.ovh.net\/wp-content\/uploads\/2023\/12\/HD-020.png\" \/>\n\t<meta property=\"og:image:width\" content=\"1428\" \/>\n\t<meta property=\"og:image:height\" content=\"441\" \/>\n\t<meta property=\"og:image:type\" content=\"image\/png\" \/>\n<meta name=\"twitter:card\" content=\"summary_large_image\" \/>\n<meta name=\"twitter:label1\" content=\"Dur\u00e9e de lecture estim\u00e9e\" \/>\n\t<meta name=\"twitter:data1\" content=\"1 minute\" \/>\n<script type=\"application\/ld+json\" class=\"yoast-schema-graph\">{\"@context\":\"https:\/\/schema.org\",\"@graph\":[{\"@type\":\"WebPage\",\"@id\":\"http:\/\/hoteldieudebrie.org\/index.php\/exterieure\/\",\"url\":\"http:\/\/hoteldieudebrie.org\/index.php\/exterieure\/\",\"name\":\"Architecture ext\u00e9rieure - H\u00f4tel-Dieu Brie-Comte-Robert.\",\"isPartOf\":{\"@id\":\"http:\/\/hoteldieudebrie.org\/#website\"},\"datePublished\":\"2023-12-07T17:54:09+00:00\",\"dateModified\":\"2024-02-01T08:49:33+00:00\",\"breadcrumb\":{\"@id\":\"http:\/\/hoteldieudebrie.org\/index.php\/exterieure\/#breadcrumb\"},\"inLanguage\":\"fr-FR\",\"potentialAction\":[{\"@type\":\"ReadAction\",\"target\":[\"http:\/\/hoteldieudebrie.org\/index.php\/exterieure\/\"]}]},{\"@type\":\"BreadcrumbList\",\"@id\":\"http:\/\/hoteldieudebrie.org\/index.php\/exterieure\/#breadcrumb\",\"itemListElement\":[{\"@type\":\"ListItem\",\"position\":1,\"name\":\"Accueil\",\"item\":\"https:\/\/hoteldieudebrie.org\/\"},{\"@type\":\"ListItem\",\"position\":2,\"name\":\"Architecture ext\u00e9rieure\"}]},{\"@type\":\"WebSite\",\"@id\":\"http:\/\/hoteldieudebrie.org\/#website\",\"url\":\"http:\/\/hoteldieudebrie.org\/\",\"name\":\"H\u00f4tel-Dieu Brie-Comte-Robert.\",\"description\":\"\u00a9 Les Amis du Vieux Ch\u00e2teau\",\"potentialAction\":[{\"@type\":\"SearchAction\",\"target\":{\"@type\":\"EntryPoint\",\"urlTemplate\":\"http:\/\/hoteldieudebrie.org\/?s={search_term_string}\"},\"query-input\":\"required name=search_term_string\"}],\"inLanguage\":\"fr-FR\"}]}<\/script>\n<!-- \/ Yoast SEO plugin. -->","yoast_head_json":{"title":"Architecture ext\u00e9rieure - H\u00f4tel-Dieu Brie-Comte-Robert.","robots":{"index":"index","follow":"follow","max-snippet":"max-snippet:-1","max-image-preview":"max-image-preview:large","max-video-preview":"max-video-preview:-1"},"canonical":"http:\/\/hoteldieudebrie.org\/index.php\/exterieure\/","og_locale":"fr_FR","og_type":"article","og_title":"Architecture ext\u00e9rieure - H\u00f4tel-Dieu Brie-Comte-Robert.","og_description":"La fa\u00e7ade de l\u2019h\u00f4tel-Dieu (XIIIe si\u00e8cle) se d\u00e9veloppe en bordure de la rue des Halles sur une longueur de 15 m. Sa porte principale est encadr\u00e9e sur chacun de ses c\u00f4t\u00e9s par trois arcs bris\u00e9s. Le motif de b\u00e2tons bris\u00e9s, \u00e9galement dit de b\u00e2tons rompus ou de chevrons, est un motif ornemental constitu\u00e9 de segments [&hellip;]","og_url":"http:\/\/hoteldieudebrie.org\/index.php\/exterieure\/","og_site_name":"H\u00f4tel-Dieu Brie-Comte-Robert.","article_modified_time":"2024-02-01T08:49:33+00:00","og_image":[{"width":1428,"height":441,"url":"http:\/\/hoteldw.cluster029.hosting.ovh.net\/wp-content\/uploads\/2023\/12\/HD-020.png","type":"image\/png"}],"twitter_card":"summary_large_image","twitter_misc":{"Dur\u00e9e de lecture estim\u00e9e":"1 minute"},"schema":{"@context":"https:\/\/schema.org","@graph":[{"@type":"WebPage","@id":"http:\/\/hoteldieudebrie.org\/index.php\/exterieure\/","url":"http:\/\/hoteldieudebrie.org\/index.php\/exterieure\/","name":"Architecture ext\u00e9rieure - H\u00f4tel-Dieu Brie-Comte-Robert.","isPartOf":{"@id":"http:\/\/hoteldieudebrie.org\/#website"},"datePublished":"2023-12-07T17:54:09+00:00","dateModified":"2024-02-01T08:49:33+00:00","breadcrumb":{"@id":"http:\/\/hoteldieudebrie.org\/index.php\/exterieure\/#breadcrumb"},"inLanguage":"fr-FR","potentialAction":[{"@type":"ReadAction","target":["http:\/\/hoteldieudebrie.org\/index.php\/exterieure\/"]}]},{"@type":"BreadcrumbList","@id":"http:\/\/hoteldieudebrie.org\/index.php\/exterieure\/#breadcrumb","itemListElement":[{"@type":"ListItem","position":1,"name":"Accueil","item":"https:\/\/hoteldieudebrie.org\/"},{"@type":"ListItem","position":2,"name":"Architecture ext\u00e9rieure"}]},{"@type":"WebSite","@id":"http:\/\/hoteldieudebrie.org\/#website","url":"http:\/\/hoteldieudebrie.org\/","name":"H\u00f4tel-Dieu Brie-Comte-Robert.","description":"\u00a9 Les Amis du Vieux Ch\u00e2teau","potentialAction":[{"@type":"SearchAction","target":{"@type":"EntryPoint","urlTemplate":"http:\/\/hoteldieudebrie.org\/?s={search_term_string}"},"query-input":"required name=search_term_string"}],"inLanguage":"fr-FR"}]}},"_links":{"self":[{"href":"https:\/\/hoteldieudebrie.org\/index.php\/wp-json\/wp\/v2\/pages\/29"}],"collection":[{"href":"https:\/\/hoteldieudebrie.org\/index.php\/wp-json\/wp\/v2\/pages"}],"about":[{"href":"https:\/\/hoteldieudebrie.org\/index.php\/wp-json\/wp\/v2\/types\/page"}],"author":[{"embeddable":true,"href":"https:\/\/hoteldieudebrie.org\/index.php\/wp-json\/wp\/v2\/users\/1"}],"replies":[{"embeddable":true,"href":"https:\/\/hoteldieudebrie.org\/index.php\/wp-json\/wp\/v2\/comments?post=29"}],"version-history":[{"count":13,"href":"https:\/\/hoteldieudebrie.org\/index.php\/wp-json\/wp\/v2\/pages\/29\/revisions"}],"predecessor-version":[{"id":749,"href":"https:\/\/hoteldieudebrie.org\/index.php\/wp-json\/wp\/v2\/pages\/29\/revisions\/749"}],"wp:featuredmedia":[{"embeddable":true,"href":"https:\/\/hoteldieudebrie.org\/index.php\/wp-json\/wp\/v2\/media\/250"}],"wp:attachment":[{"href":"https:\/\/hoteldieudebrie.org\/index.php\/wp-json\/wp\/v2\/media?parent=29"}],"curies":[{"name":"wp","href":"https:\/\/api.w.org\/{rel}","templated":true}]}}