{"id":273,"date":"2023-12-09T15:18:33","date_gmt":"2023-12-09T14:18:33","guid":{"rendered":"https:\/\/hoteldw.cluster029.hosting.ovh.net\/?page_id=273"},"modified":"2024-01-18T16:45:23","modified_gmt":"2024-01-18T15:45:23","slug":"parti-architectural","status":"publish","type":"page","link":"https:\/\/hoteldieudebrie.org\/index.php\/parti-architectural\/","title":{"rendered":"Parti architectural"},"content":{"rendered":"\n<p class=\"has-large-font-size\">Parti originel.<\/p>\n\n\n\n<p>La composition ax\u00e9e avec mise en valeur du portail central par deux <a href=\"http:\/\/hoteldw.cluster029.hosting.ovh.net\/index.php\/glossaire\/#ancreA\/\">archivoltes<\/a> reposant sur des colonnettes histori\u00e9es fait penser \u00e0 une salle capitulaire.<\/p>\n\n\n\n<p>La d\u00e9couverte de bases de colonnes dans le sol qui permet de conclure \u00e0 un vo\u00fbtement en vo\u00fbte sur <a href=\"http:\/\/hoteldw.cluster029.hosting.ovh.net\/glossiare\/#ancreC\">c<\/a><a href=\"http:\/\/hoteldw.cluster029.hosting.ovh.net\/index.php\/glossaire\/#ancreC\">rois\u00e9e d&rsquo;ogives<\/a> va dans le m\u00eame sens.<\/p>\n\n\n\n<figure class=\"wp-block-image size-large\"><img loading=\"lazy\" decoding=\"async\" width=\"1024\" height=\"647\" src=\"http:\/\/hoteldw.cluster029.hosting.ovh.net\/wp-content\/uploads\/2023\/12\/16-01_Venant-1024x647.png\" alt=\"\" class=\"wp-image-322\" srcset=\"https:\/\/hoteldieudebrie.org\/wp-content\/uploads\/2023\/12\/16-01_Venant-1024x647.png 1024w, https:\/\/hoteldieudebrie.org\/wp-content\/uploads\/2023\/12\/16-01_Venant-300x190.png 300w, https:\/\/hoteldieudebrie.org\/wp-content\/uploads\/2023\/12\/16-01_Venant-768x485.png 768w, https:\/\/hoteldieudebrie.org\/wp-content\/uploads\/2023\/12\/16-01_Venant-1536x971.png 1536w, https:\/\/hoteldieudebrie.org\/wp-content\/uploads\/2023\/12\/16-01_Venant-2048x1294.png 2048w, https:\/\/hoteldieudebrie.org\/wp-content\/uploads\/2023\/12\/16-01_Venant-900x569.png 900w, https:\/\/hoteldieudebrie.org\/wp-content\/uploads\/2023\/12\/16-01_Venant-1280x809.png 1280w\" sizes=\"(max-width: 1024px) 100vw, 1024px\" \/><\/figure>\n\n\n\n<p class=\"has-large-font-size\">Choix de reconstruction.<\/p>\n\n\n\n<p>Afin de redonner de la lisibilit\u00e9 \u00e0 l&rsquo;\u00e9difice qui avait perdu son \u00e9tage, la d\u00e9cision d&rsquo;une r\u00e9habilitation a \u00e9t\u00e9 prise.<\/p>\n\n\n\n<p>Comme souvent, les dessins d&rsquo;\u00e9poque qui ont \u00e9t\u00e9 conserv\u00e9s sont contradictoires et ne permettent donc pas une reconstruction fid\u00e8le.<\/p>\n\n\n\n<figure class=\"wp-block-gallery has-nested-images columns-default is-cropped wp-block-gallery-1 is-layout-flex wp-block-gallery-is-layout-flex\">\n<figure class=\"wp-block-image size-large\"><img loading=\"lazy\" decoding=\"async\" width=\"1024\" height=\"800\" data-id=\"329\" src=\"https:\/\/hoteldw.cluster029.hosting.ovh.net\/wp-content\/uploads\/2023\/12\/HD-Fichot2-1024x800.png\" alt=\"\" class=\"wp-image-329\" srcset=\"https:\/\/hoteldieudebrie.org\/wp-content\/uploads\/2023\/12\/HD-Fichot2-1024x800.png 1024w, https:\/\/hoteldieudebrie.org\/wp-content\/uploads\/2023\/12\/HD-Fichot2-300x234.png 300w, https:\/\/hoteldieudebrie.org\/wp-content\/uploads\/2023\/12\/HD-Fichot2-768x600.png 768w, https:\/\/hoteldieudebrie.org\/wp-content\/uploads\/2023\/12\/HD-Fichot2-1536x1200.png 1536w, https:\/\/hoteldieudebrie.org\/wp-content\/uploads\/2023\/12\/HD-Fichot2-2048x1600.png 2048w, https:\/\/hoteldieudebrie.org\/wp-content\/uploads\/2023\/12\/HD-Fichot2-900x703.png 900w, https:\/\/hoteldieudebrie.org\/wp-content\/uploads\/2023\/12\/HD-Fichot2-1280x1000.png 1280w\" sizes=\"(max-width: 1024px) 100vw, 1024px\" \/><\/figure>\n\n\n\n<figure class=\"wp-block-image size-large\"><img loading=\"lazy\" decoding=\"async\" width=\"1024\" height=\"900\" data-id=\"332\" src=\"https:\/\/hoteldw.cluster029.hosting.ovh.net\/wp-content\/uploads\/2023\/12\/1715_facade-seule_HD-1024x900.png\" alt=\"\" class=\"wp-image-332\" srcset=\"https:\/\/hoteldieudebrie.org\/wp-content\/uploads\/2023\/12\/1715_facade-seule_HD-1024x900.png 1024w, https:\/\/hoteldieudebrie.org\/wp-content\/uploads\/2023\/12\/1715_facade-seule_HD-300x264.png 300w, https:\/\/hoteldieudebrie.org\/wp-content\/uploads\/2023\/12\/1715_facade-seule_HD-768x675.png 768w, https:\/\/hoteldieudebrie.org\/wp-content\/uploads\/2023\/12\/1715_facade-seule_HD-1536x1350.png 1536w, https:\/\/hoteldieudebrie.org\/wp-content\/uploads\/2023\/12\/1715_facade-seule_HD-2048x1800.png 2048w, https:\/\/hoteldieudebrie.org\/wp-content\/uploads\/2023\/12\/1715_facade-seule_HD-900x791.png 900w, https:\/\/hoteldieudebrie.org\/wp-content\/uploads\/2023\/12\/1715_facade-seule_HD-1280x1125.png 1280w\" sizes=\"(max-width: 1024px) 100vw, 1024px\" \/><\/figure>\n\n\n\n<figure class=\"wp-block-image size-large\"><img loading=\"lazy\" decoding=\"async\" width=\"1024\" height=\"808\" data-id=\"98\" src=\"https:\/\/hoteldw.cluster029.hosting.ovh.net\/wp-content\/uploads\/2023\/12\/HD_Verdier-Cattois-1024x808.png\" alt=\"\" class=\"wp-image-98\" srcset=\"https:\/\/hoteldieudebrie.org\/wp-content\/uploads\/2023\/12\/HD_Verdier-Cattois-1024x808.png 1024w, https:\/\/hoteldieudebrie.org\/wp-content\/uploads\/2023\/12\/HD_Verdier-Cattois-300x237.png 300w, https:\/\/hoteldieudebrie.org\/wp-content\/uploads\/2023\/12\/HD_Verdier-Cattois-768x606.png 768w, https:\/\/hoteldieudebrie.org\/wp-content\/uploads\/2023\/12\/HD_Verdier-Cattois-1536x1212.png 1536w, https:\/\/hoteldieudebrie.org\/wp-content\/uploads\/2023\/12\/HD_Verdier-Cattois-2048x1616.png 2048w, https:\/\/hoteldieudebrie.org\/wp-content\/uploads\/2023\/12\/HD_Verdier-Cattois-900x710.png 900w, https:\/\/hoteldieudebrie.org\/wp-content\/uploads\/2023\/12\/HD_Verdier-Cattois-1280x1010.png 1280w\" sizes=\"(max-width: 1024px) 100vw, 1024px\" \/><\/figure>\n<\/figure>\n\n\n\n<p>C&rsquo;est le parti de la simplicit\u00e9 qui a \u00e9t\u00e9 choisi sans aucun ajout en \u00e9voquant le volume global et les fen\u00eatres g\u00e9min\u00e9es de l&rsquo;\u00e9tage.<\/p>\n\n\n\n<p>Le volume ainsi cr\u00e9\u00e9 a permis d&rsquo;obtenir une salle d&rsquo;exposition d&rsquo;art d&rsquo;une grande hauteur.<\/p>\n\n\n<div class=\"wp-block-image\">\n<figure class=\"aligncenter size-full\"><img loading=\"lazy\" decoding=\"async\" width=\"355\" height=\"299\" src=\"http:\/\/hoteldw.cluster029.hosting.ovh.net\/wp-content\/uploads\/2023\/12\/HD_restaure.png\" alt=\"\" class=\"wp-image-258\" srcset=\"https:\/\/hoteldieudebrie.org\/wp-content\/uploads\/2023\/12\/HD_restaure.png 355w, https:\/\/hoteldieudebrie.org\/wp-content\/uploads\/2023\/12\/HD_restaure-300x253.png 300w\" sizes=\"(max-width: 355px) 100vw, 355px\" \/><\/figure><\/div>\n\n\n<p>Le batiment r\u00e9nov\u00e9 a ouvert ses portes au public en octobre 1995.<\/p>\n\n\n\n<p><\/p>\n","protected":false},"excerpt":{"rendered":"<p>Parti originel. La composition ax\u00e9e avec mise en valeur du portail central par deux archivoltes reposant sur des colonnettes histori\u00e9es fait penser \u00e0 une salle capitulaire. La d\u00e9couverte de bases de colonnes dans le sol qui permet de conclure \u00e0 un vo\u00fbtement en vo\u00fbte sur crois\u00e9e d&rsquo;ogives va dans le m\u00eame sens. Choix de reconstruction. [&hellip;]<\/p>\n","protected":false},"author":1,"featured_media":258,"parent":0,"menu_order":0,"comment_status":"closed","ping_status":"closed","template":"","meta":{"footnotes":""},"yoast_head":"<!-- This site is optimized with the Yoast SEO plugin v21.6 - https:\/\/yoast.com\/wordpress\/plugins\/seo\/ -->\n<title>Parti architectural - H\u00f4tel-Dieu Brie-Comte-Robert.<\/title>\n<meta name=\"robots\" content=\"index, follow, max-snippet:-1, max-image-preview:large, max-video-preview:-1\" \/>\n<link rel=\"canonical\" href=\"https:\/\/hoteldieudebrie.org\/index.php\/parti-architectural\/\" \/>\n<meta property=\"og:locale\" content=\"fr_FR\" \/>\n<meta property=\"og:type\" content=\"article\" \/>\n<meta property=\"og:title\" content=\"Parti architectural - H\u00f4tel-Dieu Brie-Comte-Robert.\" \/>\n<meta property=\"og:description\" content=\"Parti originel. La composition ax\u00e9e avec mise en valeur du portail central par deux archivoltes reposant sur des colonnettes histori\u00e9es fait penser \u00e0 une salle capitulaire. La d\u00e9couverte de bases de colonnes dans le sol qui permet de conclure \u00e0 un vo\u00fbtement en vo\u00fbte sur crois\u00e9e d&rsquo;ogives va dans le m\u00eame sens. Choix de reconstruction. [&hellip;]\" \/>\n<meta property=\"og:url\" content=\"https:\/\/hoteldieudebrie.org\/index.php\/parti-architectural\/\" \/>\n<meta property=\"og:site_name\" content=\"H\u00f4tel-Dieu Brie-Comte-Robert.\" \/>\n<meta property=\"article:modified_time\" content=\"2024-01-18T15:45:23+00:00\" \/>\n<meta property=\"og:image\" content=\"https:\/\/hoteldw.cluster029.hosting.ovh.net\/wp-content\/uploads\/2023\/12\/HD_restaure.png\" \/>\n\t<meta property=\"og:image:width\" content=\"355\" \/>\n\t<meta property=\"og:image:height\" content=\"299\" \/>\n\t<meta property=\"og:image:type\" content=\"image\/png\" \/>\n<meta name=\"twitter:card\" content=\"summary_large_image\" \/>\n<meta name=\"twitter:label1\" content=\"Dur\u00e9e de lecture estim\u00e9e\" \/>\n\t<meta name=\"twitter:data1\" content=\"2 minutes\" \/>\n<script type=\"application\/ld+json\" class=\"yoast-schema-graph\">{\"@context\":\"https:\/\/schema.org\",\"@graph\":[{\"@type\":\"WebPage\",\"@id\":\"https:\/\/hoteldieudebrie.org\/index.php\/parti-architectural\/\",\"url\":\"https:\/\/hoteldieudebrie.org\/index.php\/parti-architectural\/\",\"name\":\"Parti architectural - H\u00f4tel-Dieu Brie-Comte-Robert.\",\"isPartOf\":{\"@id\":\"http:\/\/hoteldieudebrie.org\/#website\"},\"datePublished\":\"2023-12-09T14:18:33+00:00\",\"dateModified\":\"2024-01-18T15:45:23+00:00\",\"breadcrumb\":{\"@id\":\"https:\/\/hoteldieudebrie.org\/index.php\/parti-architectural\/#breadcrumb\"},\"inLanguage\":\"fr-FR\",\"potentialAction\":[{\"@type\":\"ReadAction\",\"target\":[\"https:\/\/hoteldieudebrie.org\/index.php\/parti-architectural\/\"]}]},{\"@type\":\"BreadcrumbList\",\"@id\":\"https:\/\/hoteldieudebrie.org\/index.php\/parti-architectural\/#breadcrumb\",\"itemListElement\":[{\"@type\":\"ListItem\",\"position\":1,\"name\":\"Accueil\",\"item\":\"https:\/\/hoteldieudebrie.org\/\"},{\"@type\":\"ListItem\",\"position\":2,\"name\":\"Parti architectural\"}]},{\"@type\":\"WebSite\",\"@id\":\"http:\/\/hoteldieudebrie.org\/#website\",\"url\":\"http:\/\/hoteldieudebrie.org\/\",\"name\":\"H\u00f4tel-Dieu Brie-Comte-Robert.\",\"description\":\"\u00a9 Les Amis du Vieux Ch\u00e2teau\",\"potentialAction\":[{\"@type\":\"SearchAction\",\"target\":{\"@type\":\"EntryPoint\",\"urlTemplate\":\"http:\/\/hoteldieudebrie.org\/?s={search_term_string}\"},\"query-input\":\"required name=search_term_string\"}],\"inLanguage\":\"fr-FR\"}]}<\/script>\n<!-- \/ Yoast SEO plugin. -->","yoast_head_json":{"title":"Parti architectural - H\u00f4tel-Dieu Brie-Comte-Robert.","robots":{"index":"index","follow":"follow","max-snippet":"max-snippet:-1","max-image-preview":"max-image-preview:large","max-video-preview":"max-video-preview:-1"},"canonical":"https:\/\/hoteldieudebrie.org\/index.php\/parti-architectural\/","og_locale":"fr_FR","og_type":"article","og_title":"Parti architectural - H\u00f4tel-Dieu Brie-Comte-Robert.","og_description":"Parti originel. La composition ax\u00e9e avec mise en valeur du portail central par deux archivoltes reposant sur des colonnettes histori\u00e9es fait penser \u00e0 une salle capitulaire. La d\u00e9couverte de bases de colonnes dans le sol qui permet de conclure \u00e0 un vo\u00fbtement en vo\u00fbte sur crois\u00e9e d&rsquo;ogives va dans le m\u00eame sens. Choix de reconstruction. [&hellip;]","og_url":"https:\/\/hoteldieudebrie.org\/index.php\/parti-architectural\/","og_site_name":"H\u00f4tel-Dieu Brie-Comte-Robert.","article_modified_time":"2024-01-18T15:45:23+00:00","og_image":[{"width":355,"height":299,"url":"https:\/\/hoteldw.cluster029.hosting.ovh.net\/wp-content\/uploads\/2023\/12\/HD_restaure.png","type":"image\/png"}],"twitter_card":"summary_large_image","twitter_misc":{"Dur\u00e9e de lecture estim\u00e9e":"2 minutes"},"schema":{"@context":"https:\/\/schema.org","@graph":[{"@type":"WebPage","@id":"https:\/\/hoteldieudebrie.org\/index.php\/parti-architectural\/","url":"https:\/\/hoteldieudebrie.org\/index.php\/parti-architectural\/","name":"Parti architectural - H\u00f4tel-Dieu Brie-Comte-Robert.","isPartOf":{"@id":"http:\/\/hoteldieudebrie.org\/#website"},"datePublished":"2023-12-09T14:18:33+00:00","dateModified":"2024-01-18T15:45:23+00:00","breadcrumb":{"@id":"https:\/\/hoteldieudebrie.org\/index.php\/parti-architectural\/#breadcrumb"},"inLanguage":"fr-FR","potentialAction":[{"@type":"ReadAction","target":["https:\/\/hoteldieudebrie.org\/index.php\/parti-architectural\/"]}]},{"@type":"BreadcrumbList","@id":"https:\/\/hoteldieudebrie.org\/index.php\/parti-architectural\/#breadcrumb","itemListElement":[{"@type":"ListItem","position":1,"name":"Accueil","item":"https:\/\/hoteldieudebrie.org\/"},{"@type":"ListItem","position":2,"name":"Parti architectural"}]},{"@type":"WebSite","@id":"http:\/\/hoteldieudebrie.org\/#website","url":"http:\/\/hoteldieudebrie.org\/","name":"H\u00f4tel-Dieu Brie-Comte-Robert.","description":"\u00a9 Les Amis du Vieux Ch\u00e2teau","potentialAction":[{"@type":"SearchAction","target":{"@type":"EntryPoint","urlTemplate":"http:\/\/hoteldieudebrie.org\/?s={search_term_string}"},"query-input":"required name=search_term_string"}],"inLanguage":"fr-FR"}]}},"_links":{"self":[{"href":"https:\/\/hoteldieudebrie.org\/index.php\/wp-json\/wp\/v2\/pages\/273"}],"collection":[{"href":"https:\/\/hoteldieudebrie.org\/index.php\/wp-json\/wp\/v2\/pages"}],"about":[{"href":"https:\/\/hoteldieudebrie.org\/index.php\/wp-json\/wp\/v2\/types\/page"}],"author":[{"embeddable":true,"href":"https:\/\/hoteldieudebrie.org\/index.php\/wp-json\/wp\/v2\/users\/1"}],"replies":[{"embeddable":true,"href":"https:\/\/hoteldieudebrie.org\/index.php\/wp-json\/wp\/v2\/comments?post=273"}],"version-history":[{"count":25,"href":"https:\/\/hoteldieudebrie.org\/index.php\/wp-json\/wp\/v2\/pages\/273\/revisions"}],"predecessor-version":[{"id":706,"href":"https:\/\/hoteldieudebrie.org\/index.php\/wp-json\/wp\/v2\/pages\/273\/revisions\/706"}],"wp:featuredmedia":[{"embeddable":true,"href":"https:\/\/hoteldieudebrie.org\/index.php\/wp-json\/wp\/v2\/media\/258"}],"wp:attachment":[{"href":"https:\/\/hoteldieudebrie.org\/index.php\/wp-json\/wp\/v2\/media?parent=273"}],"curies":[{"name":"wp","href":"https:\/\/api.w.org\/{rel}","templated":true}]}}