{"id":198,"date":"2023-12-08T18:47:38","date_gmt":"2023-12-08T17:47:38","guid":{"rendered":"https:\/\/hoteldw.cluster029.hosting.ovh.net\/?page_id=198"},"modified":"2024-01-18T11:29:12","modified_gmt":"2024-01-18T10:29:12","slug":"plates-tombes","status":"publish","type":"page","link":"https:\/\/hoteldieudebrie.org\/index.php\/plates-tombes\/","title":{"rendered":"Plates-tombes"},"content":{"rendered":"\n<p class=\"has-normal-font-size\">Plate tombe d&rsquo;Anthoinette Du Tertre, m\u00e8re sup\u00e9rieure \u00e0 l\u2019h\u00f4tel-Dieu de 1515 \u00e0 1557.<\/p>\n\n\n\n<p>Cette dalle sauv\u00e9e par un anonyme \u00e9tait expos\u00e9e dans la chapelle du nouvel h\u00f4pital et a \u00e9t\u00e9 rapatri\u00e9e dans l&rsquo;entr\u00e9e.<\/p>\n\n\n<div class=\"wp-block-image\">\n<figure class=\"alignleft size-large is-resized\"><img loading=\"lazy\" decoding=\"async\" width=\"726\" height=\"1024\" src=\"http:\/\/hoteldw.cluster029.hosting.ovh.net\/wp-content\/uploads\/2023\/12\/HD-P_tombale01-726x1024.jpg\" alt=\"\" class=\"wp-image-115\" style=\"width:386px;height:auto\" srcset=\"https:\/\/hoteldieudebrie.org\/wp-content\/uploads\/2023\/12\/HD-P_tombale01-726x1024.jpg 726w, https:\/\/hoteldieudebrie.org\/wp-content\/uploads\/2023\/12\/HD-P_tombale01-213x300.jpg 213w, https:\/\/hoteldieudebrie.org\/wp-content\/uploads\/2023\/12\/HD-P_tombale01-768x1083.jpg 768w, https:\/\/hoteldieudebrie.org\/wp-content\/uploads\/2023\/12\/HD-P_tombale01-1089x1536.jpg 1089w, https:\/\/hoteldieudebrie.org\/wp-content\/uploads\/2023\/12\/HD-P_tombale01-1452x2048.jpg 1452w, https:\/\/hoteldieudebrie.org\/wp-content\/uploads\/2023\/12\/HD-P_tombale01-900x1269.jpg 900w, https:\/\/hoteldieudebrie.org\/wp-content\/uploads\/2023\/12\/HD-P_tombale01-1280x1805.jpg 1280w, https:\/\/hoteldieudebrie.org\/wp-content\/uploads\/2023\/12\/HD-P_tombale01.jpg 1784w\" sizes=\"(max-width: 726px) 100vw, 726px\" \/><\/figure><\/div>\n\n\n<p><\/p>\n\n\n\n<p id=\"ancreT\">Transcription&nbsp;<\/p>\n\n\n<div class=\"wp-block-image\">\n<figure class=\"alignright size-full\"><img loading=\"lazy\" decoding=\"async\" width=\"356\" height=\"502\" src=\"http:\/\/hoteldw.cluster029.hosting.ovh.net\/wp-content\/uploads\/2023\/12\/24-Plate-tombe.png\" alt=\"\" class=\"wp-image-205\" srcset=\"https:\/\/hoteldieudebrie.org\/wp-content\/uploads\/2023\/12\/24-Plate-tombe.png 356w, https:\/\/hoteldieudebrie.org\/wp-content\/uploads\/2023\/12\/24-Plate-tombe-213x300.png 213w\" sizes=\"(max-width: 356px) 100vw, 356px\" \/><\/figure><\/div>\n\n\n<p><em>\u00ab&nbsp;Icy gist noble et religieuse seur anthoinette du tertre le corps de laquelle apres avoir par lespace de quarante et deux ans en cest hotel dieu vescu tousiours sevant aux povres mourut le XIXe jour de may 1557 Prie Dieu luy faire pardon&nbsp;\u00bb<\/em><\/p>\n\n\n\n<div class=\"wp-block-group is-vertical is-layout-flex wp-container-core-group-layout-1 wp-block-group-is-layout-flex\">\n<div style=\"height:115px\" aria-hidden=\"true\" class=\"wp-block-spacer wp-container-content-1\"><\/div>\n<\/div>\n\n\n\n<p id=\"ancreL\">Plate-tombe d&rsquo;Agn\u00e8s de Lauzanne, m\u00e8re sup\u00e9rieure \u00e0 l&rsquo;h\u00f4tel-Dieu de 1557 \u00e0 1566. Celle-ci, nous est connue par les Archives et par sa dalle fun\u00e9raire, retrouv\u00e9e bris\u00e9e en plusieurs morceaux, au cours des travaux de restauration de l\u2019h\u00f4tel-Dieu en 1991.<\/p>\n\n\n\n<p>La d\u00e9funte est repr\u00e9sent\u00e9e v\u00eatue d\u2019une longue et ample robe, sa t\u00eate est couverte d\u2019une guimpe (pi\u00e8ce de toile qui encadre le visage et retombe sur les \u00e9paules, le cou et la poitrine).<\/p>\n\n\n\n<p>Elle est repr\u00e9sent\u00e9e les mains jointes dans une attitude de d\u00e9votion.<\/p>\n\n\n\n<p>Cette plate-tombe a \u00e9t\u00e9 imm\u00e9diatement restaur\u00e9e par le d\u00e9partement de Seine-et-Marne et inscrite \u00e0 l&rsquo;inventaire suppl\u00e9mentaire des Monuments historiques.<\/p>\n\n\n\n<div style=\"height:100px\" aria-hidden=\"true\" class=\"wp-block-spacer\"><\/div>\n\n\n\n<div style=\"height:100px\" aria-hidden=\"true\" class=\"wp-block-spacer\"><\/div>\n\n\n\n<div style=\"height:100px\" aria-hidden=\"true\" class=\"wp-block-spacer\"><\/div>\n\n\n\n<div style=\"height:100px\" aria-hidden=\"true\" class=\"wp-block-spacer\"><\/div>\n","protected":false},"excerpt":{"rendered":"<p>Plate tombe d&rsquo;Anthoinette Du Tertre, m\u00e8re sup\u00e9rieure \u00e0 l\u2019h\u00f4tel-Dieu de 1515 \u00e0 1557. Cette dalle sauv\u00e9e par un anonyme \u00e9tait expos\u00e9e dans la chapelle du nouvel h\u00f4pital et a \u00e9t\u00e9 rapatri\u00e9e dans l&rsquo;entr\u00e9e. Transcription&nbsp; \u00ab&nbsp;Icy gist noble et religieuse seur anthoinette du tertre le corps de laquelle apres avoir par lespace de quarante et deux [&hellip;]<\/p>\n","protected":false},"author":1,"featured_media":261,"parent":0,"menu_order":0,"comment_status":"closed","ping_status":"closed","template":"","meta":{"footnotes":""},"yoast_head":"<!-- This site is optimized with the Yoast SEO plugin v21.6 - https:\/\/yoast.com\/wordpress\/plugins\/seo\/ -->\n<title>Plates-tombes - H\u00f4tel-Dieu Brie-Comte-Robert.<\/title>\n<meta name=\"robots\" content=\"index, follow, max-snippet:-1, max-image-preview:large, max-video-preview:-1\" \/>\n<link rel=\"canonical\" href=\"http:\/\/hoteldieudebrie.org\/index.php\/plates-tombes\/\" \/>\n<meta property=\"og:locale\" content=\"fr_FR\" \/>\n<meta property=\"og:type\" content=\"article\" \/>\n<meta property=\"og:title\" content=\"Plates-tombes - H\u00f4tel-Dieu Brie-Comte-Robert.\" \/>\n<meta property=\"og:description\" content=\"Plate tombe d&rsquo;Anthoinette Du Tertre, m\u00e8re sup\u00e9rieure \u00e0 l\u2019h\u00f4tel-Dieu de 1515 \u00e0 1557. Cette dalle sauv\u00e9e par un anonyme \u00e9tait expos\u00e9e dans la chapelle du nouvel h\u00f4pital et a \u00e9t\u00e9 rapatri\u00e9e dans l&rsquo;entr\u00e9e. Transcription&nbsp; \u00ab&nbsp;Icy gist noble et religieuse seur anthoinette du tertre le corps de laquelle apres avoir par lespace de quarante et deux [&hellip;]\" \/>\n<meta property=\"og:url\" content=\"http:\/\/hoteldieudebrie.org\/index.php\/plates-tombes\/\" \/>\n<meta property=\"og:site_name\" content=\"H\u00f4tel-Dieu Brie-Comte-Robert.\" \/>\n<meta property=\"article:modified_time\" content=\"2024-01-18T10:29:12+00:00\" \/>\n<meta property=\"og:image\" content=\"http:\/\/hoteldw.cluster029.hosting.ovh.net\/wp-content\/uploads\/2023\/12\/antoinette_dutertre.png\" \/>\n\t<meta property=\"og:image:width\" content=\"1248\" \/>\n\t<meta property=\"og:image:height\" content=\"450\" \/>\n\t<meta property=\"og:image:type\" content=\"image\/png\" \/>\n<meta name=\"twitter:card\" content=\"summary_large_image\" \/>\n<meta name=\"twitter:label1\" content=\"Dur\u00e9e de lecture estim\u00e9e\" \/>\n\t<meta name=\"twitter:data1\" content=\"2 minutes\" \/>\n<script type=\"application\/ld+json\" class=\"yoast-schema-graph\">{\"@context\":\"https:\/\/schema.org\",\"@graph\":[{\"@type\":\"WebPage\",\"@id\":\"http:\/\/hoteldieudebrie.org\/index.php\/plates-tombes\/\",\"url\":\"http:\/\/hoteldieudebrie.org\/index.php\/plates-tombes\/\",\"name\":\"Plates-tombes - H\u00f4tel-Dieu Brie-Comte-Robert.\",\"isPartOf\":{\"@id\":\"http:\/\/hoteldieudebrie.org\/#website\"},\"datePublished\":\"2023-12-08T17:47:38+00:00\",\"dateModified\":\"2024-01-18T10:29:12+00:00\",\"breadcrumb\":{\"@id\":\"http:\/\/hoteldieudebrie.org\/index.php\/plates-tombes\/#breadcrumb\"},\"inLanguage\":\"fr-FR\",\"potentialAction\":[{\"@type\":\"ReadAction\",\"target\":[\"http:\/\/hoteldieudebrie.org\/index.php\/plates-tombes\/\"]}]},{\"@type\":\"BreadcrumbList\",\"@id\":\"http:\/\/hoteldieudebrie.org\/index.php\/plates-tombes\/#breadcrumb\",\"itemListElement\":[{\"@type\":\"ListItem\",\"position\":1,\"name\":\"Accueil\",\"item\":\"https:\/\/hoteldieudebrie.org\/\"},{\"@type\":\"ListItem\",\"position\":2,\"name\":\"Plates-tombes\"}]},{\"@type\":\"WebSite\",\"@id\":\"http:\/\/hoteldieudebrie.org\/#website\",\"url\":\"http:\/\/hoteldieudebrie.org\/\",\"name\":\"H\u00f4tel-Dieu Brie-Comte-Robert.\",\"description\":\"\u00a9 Les Amis du Vieux Ch\u00e2teau\",\"potentialAction\":[{\"@type\":\"SearchAction\",\"target\":{\"@type\":\"EntryPoint\",\"urlTemplate\":\"http:\/\/hoteldieudebrie.org\/?s={search_term_string}\"},\"query-input\":\"required name=search_term_string\"}],\"inLanguage\":\"fr-FR\"}]}<\/script>\n<!-- \/ Yoast SEO plugin. -->","yoast_head_json":{"title":"Plates-tombes - H\u00f4tel-Dieu Brie-Comte-Robert.","robots":{"index":"index","follow":"follow","max-snippet":"max-snippet:-1","max-image-preview":"max-image-preview:large","max-video-preview":"max-video-preview:-1"},"canonical":"http:\/\/hoteldieudebrie.org\/index.php\/plates-tombes\/","og_locale":"fr_FR","og_type":"article","og_title":"Plates-tombes - H\u00f4tel-Dieu Brie-Comte-Robert.","og_description":"Plate tombe d&rsquo;Anthoinette Du Tertre, m\u00e8re sup\u00e9rieure \u00e0 l\u2019h\u00f4tel-Dieu de 1515 \u00e0 1557. Cette dalle sauv\u00e9e par un anonyme \u00e9tait expos\u00e9e dans la chapelle du nouvel h\u00f4pital et a \u00e9t\u00e9 rapatri\u00e9e dans l&rsquo;entr\u00e9e. Transcription&nbsp; \u00ab&nbsp;Icy gist noble et religieuse seur anthoinette du tertre le corps de laquelle apres avoir par lespace de quarante et deux [&hellip;]","og_url":"http:\/\/hoteldieudebrie.org\/index.php\/plates-tombes\/","og_site_name":"H\u00f4tel-Dieu Brie-Comte-Robert.","article_modified_time":"2024-01-18T10:29:12+00:00","og_image":[{"width":1248,"height":450,"url":"http:\/\/hoteldw.cluster029.hosting.ovh.net\/wp-content\/uploads\/2023\/12\/antoinette_dutertre.png","type":"image\/png"}],"twitter_card":"summary_large_image","twitter_misc":{"Dur\u00e9e de lecture estim\u00e9e":"2 minutes"},"schema":{"@context":"https:\/\/schema.org","@graph":[{"@type":"WebPage","@id":"http:\/\/hoteldieudebrie.org\/index.php\/plates-tombes\/","url":"http:\/\/hoteldieudebrie.org\/index.php\/plates-tombes\/","name":"Plates-tombes - H\u00f4tel-Dieu Brie-Comte-Robert.","isPartOf":{"@id":"http:\/\/hoteldieudebrie.org\/#website"},"datePublished":"2023-12-08T17:47:38+00:00","dateModified":"2024-01-18T10:29:12+00:00","breadcrumb":{"@id":"http:\/\/hoteldieudebrie.org\/index.php\/plates-tombes\/#breadcrumb"},"inLanguage":"fr-FR","potentialAction":[{"@type":"ReadAction","target":["http:\/\/hoteldieudebrie.org\/index.php\/plates-tombes\/"]}]},{"@type":"BreadcrumbList","@id":"http:\/\/hoteldieudebrie.org\/index.php\/plates-tombes\/#breadcrumb","itemListElement":[{"@type":"ListItem","position":1,"name":"Accueil","item":"https:\/\/hoteldieudebrie.org\/"},{"@type":"ListItem","position":2,"name":"Plates-tombes"}]},{"@type":"WebSite","@id":"http:\/\/hoteldieudebrie.org\/#website","url":"http:\/\/hoteldieudebrie.org\/","name":"H\u00f4tel-Dieu Brie-Comte-Robert.","description":"\u00a9 Les Amis du Vieux Ch\u00e2teau","potentialAction":[{"@type":"SearchAction","target":{"@type":"EntryPoint","urlTemplate":"http:\/\/hoteldieudebrie.org\/?s={search_term_string}"},"query-input":"required name=search_term_string"}],"inLanguage":"fr-FR"}]}},"_links":{"self":[{"href":"https:\/\/hoteldieudebrie.org\/index.php\/wp-json\/wp\/v2\/pages\/198"}],"collection":[{"href":"https:\/\/hoteldieudebrie.org\/index.php\/wp-json\/wp\/v2\/pages"}],"about":[{"href":"https:\/\/hoteldieudebrie.org\/index.php\/wp-json\/wp\/v2\/types\/page"}],"author":[{"embeddable":true,"href":"https:\/\/hoteldieudebrie.org\/index.php\/wp-json\/wp\/v2\/users\/1"}],"replies":[{"embeddable":true,"href":"https:\/\/hoteldieudebrie.org\/index.php\/wp-json\/wp\/v2\/comments?post=198"}],"version-history":[{"count":22,"href":"https:\/\/hoteldieudebrie.org\/index.php\/wp-json\/wp\/v2\/pages\/198\/revisions"}],"predecessor-version":[{"id":640,"href":"https:\/\/hoteldieudebrie.org\/index.php\/wp-json\/wp\/v2\/pages\/198\/revisions\/640"}],"wp:featuredmedia":[{"embeddable":true,"href":"https:\/\/hoteldieudebrie.org\/index.php\/wp-json\/wp\/v2\/media\/261"}],"wp:attachment":[{"href":"https:\/\/hoteldieudebrie.org\/index.php\/wp-json\/wp\/v2\/media?parent=198"}],"curies":[{"name":"wp","href":"https:\/\/api.w.org\/{rel}","templated":true}]}}