{"id":189,"date":"2023-12-08T18:43:43","date_gmt":"2023-12-08T17:43:43","guid":{"rendered":"http:\/\/hoteldw.cluster029.hosting.ovh.net\/?page_id=189"},"modified":"2024-01-15T19:32:02","modified_gmt":"2024-01-15T18:32:02","slug":"salle-dexposition","status":"publish","type":"page","link":"https:\/\/hoteldieudebrie.org\/index.php\/salle-dexposition\/","title":{"rendered":"Salle d&rsquo;exposition"},"content":{"rendered":"\n<p>L&rsquo;h\u00f4tel-Dieu a \u00e9t\u00e9 restaur\u00e9 par la commune de Brie-Comte-Robert qui en a fait un centre d&rsquo;art pour accueillir des expositions temporaires.<\/p>\n\n\n\n<p>L&rsquo;entr\u00e9e se fait \u00e0 l&rsquo;ouest par un patio et un vestibule.<\/p>\n\n\n\n<p>Bien que le volume ait \u00e9t\u00e9 r\u00e9tabli, la salle n&rsquo;a pas retrouv\u00e9 les vo\u00fbtes qui la couvraient car aucun \u00e9l\u00e9ment arch\u00e9ologique ne permettait de conna\u00eetre leur disposition exacte.<\/p>\n\n\n\n<p>C&rsquo;est le parti de la simplicit\u00e9 qui a \u00e9t\u00e9 choisi sans aucun ajout en \u00e9voquant le volume global et les fen\u00eatres g\u00e9min\u00e9es de l&rsquo;\u00e9tage.<\/p>\n\n\n\n<p>Le volume ainsi cr\u00e9\u00e9 a permis d&rsquo;obtenir une salle d&rsquo;exposition d&rsquo;art d&rsquo;une grande hauteur.<\/p>\n","protected":false},"excerpt":{"rendered":"<p>L&rsquo;h\u00f4tel-Dieu a \u00e9t\u00e9 restaur\u00e9 par la commune de Brie-Comte-Robert qui en a fait un centre d&rsquo;art pour accueillir des expositions temporaires. L&rsquo;entr\u00e9e se fait \u00e0 l&rsquo;ouest par un patio et un vestibule. Bien que le volume ait \u00e9t\u00e9 r\u00e9tabli, la salle n&rsquo;a pas retrouv\u00e9 les vo\u00fbtes qui la couvraient car aucun \u00e9l\u00e9ment arch\u00e9ologique ne permettait [&hellip;]<\/p>\n","protected":false},"author":1,"featured_media":355,"parent":0,"menu_order":0,"comment_status":"closed","ping_status":"closed","template":"","meta":{"footnotes":""},"yoast_head":"<!-- This site is optimized with the Yoast SEO plugin v21.6 - https:\/\/yoast.com\/wordpress\/plugins\/seo\/ -->\n<title>Salle d&#039;exposition - H\u00f4tel-Dieu Brie-Comte-Robert.<\/title>\n<meta name=\"robots\" content=\"index, follow, max-snippet:-1, max-image-preview:large, max-video-preview:-1\" \/>\n<link rel=\"canonical\" href=\"http:\/\/hoteldieudebrie.org\/index.php\/salle-dexposition\/\" \/>\n<meta property=\"og:locale\" content=\"fr_FR\" \/>\n<meta property=\"og:type\" content=\"article\" \/>\n<meta property=\"og:title\" content=\"Salle d&#039;exposition - H\u00f4tel-Dieu Brie-Comte-Robert.\" \/>\n<meta property=\"og:description\" content=\"L&rsquo;h\u00f4tel-Dieu a \u00e9t\u00e9 restaur\u00e9 par la commune de Brie-Comte-Robert qui en a fait un centre d&rsquo;art pour accueillir des expositions temporaires. L&rsquo;entr\u00e9e se fait \u00e0 l&rsquo;ouest par un patio et un vestibule. Bien que le volume ait \u00e9t\u00e9 r\u00e9tabli, la salle n&rsquo;a pas retrouv\u00e9 les vo\u00fbtes qui la couvraient car aucun \u00e9l\u00e9ment arch\u00e9ologique ne permettait [&hellip;]\" \/>\n<meta property=\"og:url\" content=\"http:\/\/hoteldieudebrie.org\/index.php\/salle-dexposition\/\" \/>\n<meta property=\"og:site_name\" content=\"H\u00f4tel-Dieu Brie-Comte-Robert.\" \/>\n<meta property=\"article:modified_time\" content=\"2024-01-15T18:32:02+00:00\" \/>\n<meta property=\"og:image\" content=\"http:\/\/hoteldw.cluster029.hosting.ovh.net\/wp-content\/uploads\/2023\/12\/1990_minute04.png\" \/>\n\t<meta property=\"og:image:width\" content=\"1248\" \/>\n\t<meta property=\"og:image:height\" content=\"469\" \/>\n\t<meta property=\"og:image:type\" content=\"image\/png\" \/>\n<meta name=\"twitter:card\" content=\"summary_large_image\" \/>\n<meta name=\"twitter:label1\" content=\"Dur\u00e9e de lecture estim\u00e9e\" \/>\n\t<meta name=\"twitter:data1\" content=\"1 minute\" \/>\n<script type=\"application\/ld+json\" class=\"yoast-schema-graph\">{\"@context\":\"https:\/\/schema.org\",\"@graph\":[{\"@type\":\"WebPage\",\"@id\":\"http:\/\/hoteldieudebrie.org\/index.php\/salle-dexposition\/\",\"url\":\"http:\/\/hoteldieudebrie.org\/index.php\/salle-dexposition\/\",\"name\":\"Salle d'exposition - H\u00f4tel-Dieu Brie-Comte-Robert.\",\"isPartOf\":{\"@id\":\"http:\/\/hoteldieudebrie.org\/#website\"},\"datePublished\":\"2023-12-08T17:43:43+00:00\",\"dateModified\":\"2024-01-15T18:32:02+00:00\",\"breadcrumb\":{\"@id\":\"http:\/\/hoteldieudebrie.org\/index.php\/salle-dexposition\/#breadcrumb\"},\"inLanguage\":\"fr-FR\",\"potentialAction\":[{\"@type\":\"ReadAction\",\"target\":[\"http:\/\/hoteldieudebrie.org\/index.php\/salle-dexposition\/\"]}]},{\"@type\":\"BreadcrumbList\",\"@id\":\"http:\/\/hoteldieudebrie.org\/index.php\/salle-dexposition\/#breadcrumb\",\"itemListElement\":[{\"@type\":\"ListItem\",\"position\":1,\"name\":\"Accueil\",\"item\":\"https:\/\/hoteldieudebrie.org\/\"},{\"@type\":\"ListItem\",\"position\":2,\"name\":\"Salle d&rsquo;exposition\"}]},{\"@type\":\"WebSite\",\"@id\":\"http:\/\/hoteldieudebrie.org\/#website\",\"url\":\"http:\/\/hoteldieudebrie.org\/\",\"name\":\"H\u00f4tel-Dieu Brie-Comte-Robert.\",\"description\":\"\u00a9 Les Amis du Vieux Ch\u00e2teau\",\"potentialAction\":[{\"@type\":\"SearchAction\",\"target\":{\"@type\":\"EntryPoint\",\"urlTemplate\":\"http:\/\/hoteldieudebrie.org\/?s={search_term_string}\"},\"query-input\":\"required name=search_term_string\"}],\"inLanguage\":\"fr-FR\"}]}<\/script>\n<!-- \/ Yoast SEO plugin. -->","yoast_head_json":{"title":"Salle d'exposition - H\u00f4tel-Dieu Brie-Comte-Robert.","robots":{"index":"index","follow":"follow","max-snippet":"max-snippet:-1","max-image-preview":"max-image-preview:large","max-video-preview":"max-video-preview:-1"},"canonical":"http:\/\/hoteldieudebrie.org\/index.php\/salle-dexposition\/","og_locale":"fr_FR","og_type":"article","og_title":"Salle d'exposition - H\u00f4tel-Dieu Brie-Comte-Robert.","og_description":"L&rsquo;h\u00f4tel-Dieu a \u00e9t\u00e9 restaur\u00e9 par la commune de Brie-Comte-Robert qui en a fait un centre d&rsquo;art pour accueillir des expositions temporaires. L&rsquo;entr\u00e9e se fait \u00e0 l&rsquo;ouest par un patio et un vestibule. Bien que le volume ait \u00e9t\u00e9 r\u00e9tabli, la salle n&rsquo;a pas retrouv\u00e9 les vo\u00fbtes qui la couvraient car aucun \u00e9l\u00e9ment arch\u00e9ologique ne permettait [&hellip;]","og_url":"http:\/\/hoteldieudebrie.org\/index.php\/salle-dexposition\/","og_site_name":"H\u00f4tel-Dieu Brie-Comte-Robert.","article_modified_time":"2024-01-15T18:32:02+00:00","og_image":[{"width":1248,"height":469,"url":"http:\/\/hoteldw.cluster029.hosting.ovh.net\/wp-content\/uploads\/2023\/12\/1990_minute04.png","type":"image\/png"}],"twitter_card":"summary_large_image","twitter_misc":{"Dur\u00e9e de lecture estim\u00e9e":"1 minute"},"schema":{"@context":"https:\/\/schema.org","@graph":[{"@type":"WebPage","@id":"http:\/\/hoteldieudebrie.org\/index.php\/salle-dexposition\/","url":"http:\/\/hoteldieudebrie.org\/index.php\/salle-dexposition\/","name":"Salle d'exposition - H\u00f4tel-Dieu Brie-Comte-Robert.","isPartOf":{"@id":"http:\/\/hoteldieudebrie.org\/#website"},"datePublished":"2023-12-08T17:43:43+00:00","dateModified":"2024-01-15T18:32:02+00:00","breadcrumb":{"@id":"http:\/\/hoteldieudebrie.org\/index.php\/salle-dexposition\/#breadcrumb"},"inLanguage":"fr-FR","potentialAction":[{"@type":"ReadAction","target":["http:\/\/hoteldieudebrie.org\/index.php\/salle-dexposition\/"]}]},{"@type":"BreadcrumbList","@id":"http:\/\/hoteldieudebrie.org\/index.php\/salle-dexposition\/#breadcrumb","itemListElement":[{"@type":"ListItem","position":1,"name":"Accueil","item":"https:\/\/hoteldieudebrie.org\/"},{"@type":"ListItem","position":2,"name":"Salle d&rsquo;exposition"}]},{"@type":"WebSite","@id":"http:\/\/hoteldieudebrie.org\/#website","url":"http:\/\/hoteldieudebrie.org\/","name":"H\u00f4tel-Dieu Brie-Comte-Robert.","description":"\u00a9 Les Amis du Vieux Ch\u00e2teau","potentialAction":[{"@type":"SearchAction","target":{"@type":"EntryPoint","urlTemplate":"http:\/\/hoteldieudebrie.org\/?s={search_term_string}"},"query-input":"required name=search_term_string"}],"inLanguage":"fr-FR"}]}},"_links":{"self":[{"href":"https:\/\/hoteldieudebrie.org\/index.php\/wp-json\/wp\/v2\/pages\/189"}],"collection":[{"href":"https:\/\/hoteldieudebrie.org\/index.php\/wp-json\/wp\/v2\/pages"}],"about":[{"href":"https:\/\/hoteldieudebrie.org\/index.php\/wp-json\/wp\/v2\/types\/page"}],"author":[{"embeddable":true,"href":"https:\/\/hoteldieudebrie.org\/index.php\/wp-json\/wp\/v2\/users\/1"}],"replies":[{"embeddable":true,"href":"https:\/\/hoteldieudebrie.org\/index.php\/wp-json\/wp\/v2\/comments?post=189"}],"version-history":[{"count":6,"href":"https:\/\/hoteldieudebrie.org\/index.php\/wp-json\/wp\/v2\/pages\/189\/revisions"}],"predecessor-version":[{"id":618,"href":"https:\/\/hoteldieudebrie.org\/index.php\/wp-json\/wp\/v2\/pages\/189\/revisions\/618"}],"wp:featuredmedia":[{"embeddable":true,"href":"https:\/\/hoteldieudebrie.org\/index.php\/wp-json\/wp\/v2\/media\/355"}],"wp:attachment":[{"href":"https:\/\/hoteldieudebrie.org\/index.php\/wp-json\/wp\/v2\/media?parent=189"}],"curies":[{"name":"wp","href":"https:\/\/api.w.org\/{rel}","templated":true}]}}