{"id":176,"date":"2023-12-08T18:27:14","date_gmt":"2023-12-08T17:27:14","guid":{"rendered":"https:\/\/hoteldw.cluster029.hosting.ovh.net\/?page_id=176"},"modified":"2024-01-18T16:42:01","modified_gmt":"2024-01-18T15:42:01","slug":"xiiie-2","status":"publish","type":"page","link":"https:\/\/hoteldieudebrie.org\/index.php\/xiiie-2\/","title":{"rendered":"XVIIIe"},"content":{"rendered":"\n<p><strong><em>1722<\/em><\/strong><em>&nbsp;: l\u2019administration de l\u2019h\u00f4tel-Dieu, apr\u00e8s avoir \u00e9t\u00e9 entre 1688 et 1722 aux mains des s\u0153urs de Montfort qui ont totalement d\u00e9laiss\u00e9 la gestion, est donn\u00e9e aux cur\u00e9s de Brie, les revenus sont alors vers\u00e9s \u00e0 la confr\u00e9rie de la Charit\u00e9.<\/em><\/p>\n\n\n\n<p><em>A partir de 1764, l\u2019administration poss\u00e8de un Bureau, des membres \u00e9lus et des membres \u00ab&nbsp;n\u00e9s&nbsp;\u00bb (le cur\u00e9, le bailli et l\u2019\u00e9chevin). On nomme un chirurgien. Un texte d\u00e9crit le rez-de-chauss\u00e9e avec trois trav\u00e9es, une salle pour les femmes et une salle pour les hommes.<\/em><\/p>\n\n\n\n<p><\/p>\n\n\n\n<p>De 1688 \u00e0 1722&nbsp;: Arr\u00eat de l\u2019activit\u00e9, b\u00e9n\u00e9fice personnel.<\/p>\n\n\n\n<p>De 1722 \u00e0 1764&nbsp;: Gestion par les cur\u00e9s de Brie.<\/p>\n\n\n\n<p>De 1784 \u00e0 1790&nbsp;: R\u00e9tablissement de l\u2019Hospitalit\u00e9<\/p>\n\n\n\n<p>De 1790 \u00e0 1805\u00a0: C&rsquo;est l&rsquo;\u00e9poque r\u00e9volutionnaire.<\/p>\n","protected":false},"excerpt":{"rendered":"<p>1722&nbsp;: l\u2019administration de l\u2019h\u00f4tel-Dieu, apr\u00e8s avoir \u00e9t\u00e9 entre 1688 et 1722 aux mains des s\u0153urs de Montfort qui ont totalement d\u00e9laiss\u00e9 la gestion, est donn\u00e9e aux cur\u00e9s de Brie, les revenus sont alors vers\u00e9s \u00e0 la confr\u00e9rie de la Charit\u00e9. A partir de 1764, l\u2019administration poss\u00e8de un Bureau, des membres \u00e9lus et des membres \u00ab&nbsp;n\u00e9s&nbsp;\u00bb [&hellip;]<\/p>\n","protected":false},"author":1,"featured_media":354,"parent":0,"menu_order":0,"comment_status":"closed","ping_status":"closed","template":"","meta":{"footnotes":""},"yoast_head":"<!-- This site is optimized with the Yoast SEO plugin v21.6 - https:\/\/yoast.com\/wordpress\/plugins\/seo\/ -->\n<title>XVIIIe - H\u00f4tel-Dieu Brie-Comte-Robert.<\/title>\n<meta name=\"robots\" content=\"index, follow, max-snippet:-1, max-image-preview:large, max-video-preview:-1\" \/>\n<link rel=\"canonical\" href=\"https:\/\/hoteldieudebrie.org\/index.php\/xiiie-2\/\" \/>\n<meta property=\"og:locale\" content=\"fr_FR\" \/>\n<meta property=\"og:type\" content=\"article\" \/>\n<meta property=\"og:title\" content=\"XVIIIe - H\u00f4tel-Dieu Brie-Comte-Robert.\" \/>\n<meta property=\"og:description\" content=\"1722&nbsp;: l\u2019administration de l\u2019h\u00f4tel-Dieu, apr\u00e8s avoir \u00e9t\u00e9 entre 1688 et 1722 aux mains des s\u0153urs de Montfort qui ont totalement d\u00e9laiss\u00e9 la gestion, est donn\u00e9e aux cur\u00e9s de Brie, les revenus sont alors vers\u00e9s \u00e0 la confr\u00e9rie de la Charit\u00e9. A partir de 1764, l\u2019administration poss\u00e8de un Bureau, des membres \u00e9lus et des membres \u00ab&nbsp;n\u00e9s&nbsp;\u00bb [&hellip;]\" \/>\n<meta property=\"og:url\" content=\"https:\/\/hoteldieudebrie.org\/index.php\/xiiie-2\/\" \/>\n<meta property=\"og:site_name\" content=\"H\u00f4tel-Dieu Brie-Comte-Robert.\" \/>\n<meta property=\"article:modified_time\" content=\"2024-01-18T15:42:01+00:00\" \/>\n<meta property=\"og:image\" content=\"https:\/\/hoteldw.cluster029.hosting.ovh.net\/wp-content\/uploads\/2023\/12\/1990_minute02.png\" \/>\n\t<meta property=\"og:image:width\" content=\"1248\" \/>\n\t<meta property=\"og:image:height\" content=\"460\" \/>\n\t<meta property=\"og:image:type\" content=\"image\/png\" \/>\n<meta name=\"twitter:card\" content=\"summary_large_image\" \/>\n<meta name=\"twitter:label1\" content=\"Dur\u00e9e de lecture estim\u00e9e\" \/>\n\t<meta name=\"twitter:data1\" content=\"1 minute\" \/>\n<script type=\"application\/ld+json\" class=\"yoast-schema-graph\">{\"@context\":\"https:\/\/schema.org\",\"@graph\":[{\"@type\":\"WebPage\",\"@id\":\"https:\/\/hoteldieudebrie.org\/index.php\/xiiie-2\/\",\"url\":\"https:\/\/hoteldieudebrie.org\/index.php\/xiiie-2\/\",\"name\":\"XVIIIe - H\u00f4tel-Dieu Brie-Comte-Robert.\",\"isPartOf\":{\"@id\":\"http:\/\/hoteldieudebrie.org\/#website\"},\"datePublished\":\"2023-12-08T17:27:14+00:00\",\"dateModified\":\"2024-01-18T15:42:01+00:00\",\"breadcrumb\":{\"@id\":\"https:\/\/hoteldieudebrie.org\/index.php\/xiiie-2\/#breadcrumb\"},\"inLanguage\":\"fr-FR\",\"potentialAction\":[{\"@type\":\"ReadAction\",\"target\":[\"https:\/\/hoteldieudebrie.org\/index.php\/xiiie-2\/\"]}]},{\"@type\":\"BreadcrumbList\",\"@id\":\"https:\/\/hoteldieudebrie.org\/index.php\/xiiie-2\/#breadcrumb\",\"itemListElement\":[{\"@type\":\"ListItem\",\"position\":1,\"name\":\"Accueil\",\"item\":\"https:\/\/hoteldieudebrie.org\/\"},{\"@type\":\"ListItem\",\"position\":2,\"name\":\"XVIIIe\"}]},{\"@type\":\"WebSite\",\"@id\":\"http:\/\/hoteldieudebrie.org\/#website\",\"url\":\"http:\/\/hoteldieudebrie.org\/\",\"name\":\"H\u00f4tel-Dieu Brie-Comte-Robert.\",\"description\":\"\u00a9 Les Amis du Vieux Ch\u00e2teau\",\"potentialAction\":[{\"@type\":\"SearchAction\",\"target\":{\"@type\":\"EntryPoint\",\"urlTemplate\":\"http:\/\/hoteldieudebrie.org\/?s={search_term_string}\"},\"query-input\":\"required name=search_term_string\"}],\"inLanguage\":\"fr-FR\"}]}<\/script>\n<!-- \/ Yoast SEO plugin. -->","yoast_head_json":{"title":"XVIIIe - H\u00f4tel-Dieu Brie-Comte-Robert.","robots":{"index":"index","follow":"follow","max-snippet":"max-snippet:-1","max-image-preview":"max-image-preview:large","max-video-preview":"max-video-preview:-1"},"canonical":"https:\/\/hoteldieudebrie.org\/index.php\/xiiie-2\/","og_locale":"fr_FR","og_type":"article","og_title":"XVIIIe - H\u00f4tel-Dieu Brie-Comte-Robert.","og_description":"1722&nbsp;: l\u2019administration de l\u2019h\u00f4tel-Dieu, apr\u00e8s avoir \u00e9t\u00e9 entre 1688 et 1722 aux mains des s\u0153urs de Montfort qui ont totalement d\u00e9laiss\u00e9 la gestion, est donn\u00e9e aux cur\u00e9s de Brie, les revenus sont alors vers\u00e9s \u00e0 la confr\u00e9rie de la Charit\u00e9. A partir de 1764, l\u2019administration poss\u00e8de un Bureau, des membres \u00e9lus et des membres \u00ab&nbsp;n\u00e9s&nbsp;\u00bb [&hellip;]","og_url":"https:\/\/hoteldieudebrie.org\/index.php\/xiiie-2\/","og_site_name":"H\u00f4tel-Dieu Brie-Comte-Robert.","article_modified_time":"2024-01-18T15:42:01+00:00","og_image":[{"width":1248,"height":460,"url":"https:\/\/hoteldw.cluster029.hosting.ovh.net\/wp-content\/uploads\/2023\/12\/1990_minute02.png","type":"image\/png"}],"twitter_card":"summary_large_image","twitter_misc":{"Dur\u00e9e de lecture estim\u00e9e":"1 minute"},"schema":{"@context":"https:\/\/schema.org","@graph":[{"@type":"WebPage","@id":"https:\/\/hoteldieudebrie.org\/index.php\/xiiie-2\/","url":"https:\/\/hoteldieudebrie.org\/index.php\/xiiie-2\/","name":"XVIIIe - H\u00f4tel-Dieu Brie-Comte-Robert.","isPartOf":{"@id":"http:\/\/hoteldieudebrie.org\/#website"},"datePublished":"2023-12-08T17:27:14+00:00","dateModified":"2024-01-18T15:42:01+00:00","breadcrumb":{"@id":"https:\/\/hoteldieudebrie.org\/index.php\/xiiie-2\/#breadcrumb"},"inLanguage":"fr-FR","potentialAction":[{"@type":"ReadAction","target":["https:\/\/hoteldieudebrie.org\/index.php\/xiiie-2\/"]}]},{"@type":"BreadcrumbList","@id":"https:\/\/hoteldieudebrie.org\/index.php\/xiiie-2\/#breadcrumb","itemListElement":[{"@type":"ListItem","position":1,"name":"Accueil","item":"https:\/\/hoteldieudebrie.org\/"},{"@type":"ListItem","position":2,"name":"XVIIIe"}]},{"@type":"WebSite","@id":"http:\/\/hoteldieudebrie.org\/#website","url":"http:\/\/hoteldieudebrie.org\/","name":"H\u00f4tel-Dieu Brie-Comte-Robert.","description":"\u00a9 Les Amis du Vieux Ch\u00e2teau","potentialAction":[{"@type":"SearchAction","target":{"@type":"EntryPoint","urlTemplate":"http:\/\/hoteldieudebrie.org\/?s={search_term_string}"},"query-input":"required name=search_term_string"}],"inLanguage":"fr-FR"}]}},"_links":{"self":[{"href":"https:\/\/hoteldieudebrie.org\/index.php\/wp-json\/wp\/v2\/pages\/176"}],"collection":[{"href":"https:\/\/hoteldieudebrie.org\/index.php\/wp-json\/wp\/v2\/pages"}],"about":[{"href":"https:\/\/hoteldieudebrie.org\/index.php\/wp-json\/wp\/v2\/types\/page"}],"author":[{"embeddable":true,"href":"https:\/\/hoteldieudebrie.org\/index.php\/wp-json\/wp\/v2\/users\/1"}],"replies":[{"embeddable":true,"href":"https:\/\/hoteldieudebrie.org\/index.php\/wp-json\/wp\/v2\/comments?post=176"}],"version-history":[{"count":5,"href":"https:\/\/hoteldieudebrie.org\/index.php\/wp-json\/wp\/v2\/pages\/176\/revisions"}],"predecessor-version":[{"id":637,"href":"https:\/\/hoteldieudebrie.org\/index.php\/wp-json\/wp\/v2\/pages\/176\/revisions\/637"}],"wp:featuredmedia":[{"embeddable":true,"href":"https:\/\/hoteldieudebrie.org\/index.php\/wp-json\/wp\/v2\/media\/354"}],"wp:attachment":[{"href":"https:\/\/hoteldieudebrie.org\/index.php\/wp-json\/wp\/v2\/media?parent=176"}],"curies":[{"name":"wp","href":"https:\/\/api.w.org\/{rel}","templated":true}]}}