{"id":175,"date":"2023-12-08T18:27:14","date_gmt":"2023-12-08T17:27:14","guid":{"rendered":"https:\/\/hoteldw.cluster029.hosting.ovh.net\/?page_id=175"},"modified":"2024-01-18T16:41:32","modified_gmt":"2024-01-18T15:41:32","slug":"xviie","status":"publish","type":"page","link":"https:\/\/hoteldieudebrie.org\/index.php\/xviie\/","title":{"rendered":"XVIIe"},"content":{"rendered":"\n<p>L\u2019ADMINISTRATION AU XVIIe SIECLE<\/p>\n\n\n\n<p><strong>30 ans d\u2019administration civile&nbsp;:<\/strong><\/p>\n\n\n\n<p>&nbsp;&nbsp;&nbsp;&nbsp;&nbsp;&nbsp;&nbsp;&nbsp;&nbsp;&nbsp;&nbsp; Durant le premier tiers du XVIIe si\u00e8cle, l\u2019administration de l&rsquo;h\u00f4tel-Dieu fut sans remous. L\u2019ordonnance de Charles IX semble avoir \u00e9t\u00e9 appliqu\u00e9e en d\u00e9pit des lettres patentes d\u2019Henri IV de 1593. En effet on trouve des commissaires du revenu temporel nomm\u00e9s ou approuv\u00e9s par les habitants.<\/p>\n\n\n\n<p>Le 25 avril 1606, Nicolas Fontaine fut \u00ab&nbsp;commissaire du revenu temporel <a href=\"#_ftn1\" id=\"_ftnref1\">[1]<\/a>. Celui-ci portera le titre \u00ab&nbsp;de receveur de l&rsquo;h\u00f4tel-Dieu&nbsp;\u00bb en 1612 <a href=\"#_ftn2\" id=\"_ftnref2\">[2]<\/a>.<\/p>\n\n\n\n<p>Le 4 octobre 1609, Simon Nuet fait un avoir des terres comme \u00ab&nbsp;commissaire et administrateur&nbsp;\u00bb&nbsp;.<\/p>\n\n\n\n<p>En 1612, Nicolas Violler fut \u00ab&nbsp;commissaire&nbsp;\u00bb <a href=\"#_ftn3\" id=\"_ftnref3\">[3]<\/a>.<\/p>\n\n\n\n<p>D\u00e8s 1613 \u00e0 1615, ce fut Vincent Couillard.<\/p>\n\n\n\n<p>Durant cette p\u00e9riode, une religieuse, Marie Hebert s\u2019est occup\u00e9e de l\u2019intendance depuis l\u2019ann\u00e9e 1608 jusqu\u2019\u00e0 son d\u00e9c\u00e8s \u00e0 Brie en 1625 <a id=\"_ftnref4\" href=\"#_ftn4\">[4]<\/a>. Elle fut appoint\u00e9e 10 livres par an. Le pr\u00e9sence d\u2019une religieuse assitant les malades et s\u2019occupant de l\u2019organisation mat\u00e9rielle de la maison ne doit pas appara\u00eetre comme une ing\u00e9rence du spirituel dans le temporel, mais comme une d\u00e9marche charitable incluse dans la vocation religieuse de l\u2019\u00e9poque\u00a0: le soulagement de la mis\u00e8re.<\/p>\n\n\n\n<p>\u00a0\u00a0\u00a0\u00a0\u00a0\u00a0\u00a0\u00a0\u00a0\u00a0\u00a0 Les quatre messes de fondation qui faisaient partie du spirituel \u00e9taient \u00e0 la charge d\u2019un chapelain nomm\u00e9 par l\u2019\u00e9v\u00eaque. Vers 1609, on trouve la trace de Louis Nuet ou Huet <a id=\"_ftnref5\" href=\"#_ftn5\">[5]<\/a>. Il recevait 100 livres par an.<\/p>\n\n\n\n<p>A partir de 1633, et par une erreur d\u2019appr\u00e9ciation des habitants, la situation allait se compliquer et donner lieu \u00e0 une suite de proc\u00e8s pendant 50 ans.<\/p>\n\n\n\n<p><strong>Paul Thuillier<\/strong><\/p>\n\n\n\n<p>En 1633, Le chapelain en titre \u00e9tait Paul Thuillier. Sans doute parce qu\u2019il \u00e9tait originaire de Brie, les habitants le nomm\u00e8rent administrateur du revenu temporel <a id=\"_ftnref6\" href=\"#_ftn6\">[6]<\/a>. Paul Thuillier r\u00e9unissait ainsi en une m\u00eame main le spirituel et le temporel. Mais celui-ci, s\u2019il s\u2019acquitait de sa t\u00e2che de chapelain pour confesser les malades, dire les messes et acquitter les fondations, n\u2019\u00e9tait pas port\u00e9 \u00e0 tenir les livres de comptes.. Or le \u00ab\u00a0commissaire\u00a0\u00bb administrateur du temporel, normalement nomm\u00e9 par les habitants de 3 ans en 3 ans devait rendre compte tous les ans de son administration. Paul Thuillier faisait la sourde oreille. Un m\u00e9moire <a id=\"_ftnref7\" href=\"#_ftn7\">[7]<\/a> nous relate\u00a0: \u00ab\u00a0\u2026Thuillier jouira personnellemnt du b\u00e9n\u00e9fice sans jamais en rendre compte\u2026 ce qui causa un long proc\u00e8s entre les habitants et Thuillier, mais comme les affaires sont ordinairement fort n\u00e9glig\u00e9es, ce proc\u00e8s ne fut point jug\u00e9 et le dit Thuillier demeura en possession jusqu\u2019\u00e0 sa mort\u00a0\u00bb.<\/p>\n\n\n\n<p>On trouve encore, en 1654, Paul Thuillier, pr\u00eatre, cur\u00e9 de Saint Germain les Couilly, portant le titre d\u2019administrateur de l&rsquo;h\u00f4tel-Dieu <a href=\"#_ftn8\" id=\"_ftnref8\">[8]<\/a>.<\/p>\n\n\n\n<hr class=\"wp-block-separator has-alpha-channel-opacity\"\/>\n\n\n\n<p><a href=\"#_ftnref1\" id=\"_ftn1\">[1]<\/a> Arch d\u00e9p. 77 actes de baillage<\/p>\n\n\n\n<p><a href=\"#_ftnref2\" id=\"_ftn2\">[2]<\/a> Arch. d\u00e9p. 77&nbsp;: M\u00e9moires divers 8HDt<\/p>\n\n\n\n<p><a href=\"#_ftnref3\" id=\"_ftn3\">[3]<\/a> Arch. d\u00e9p. 77&nbsp;: M\u00e9moires divers 8HDt<\/p>\n\n\n\n<p><a href=\"#_ftnref4\" id=\"_ftn4\">[4]<\/a> Arch. BCR Registre d\u2019\u00e9tat civil 1625.<\/p>\n\n\n\n<p><a href=\"#_ftnref5\" id=\"_ftn5\">[5]<\/a> Notes de Camille Bernardin p.773<\/p>\n\n\n\n<p><a href=\"#_ftnref6\" id=\"_ftn6\">[6]<\/a> Arch. Seine et Oise&nbsp;: A750<\/p>\n\n\n\n<p><a href=\"#_ftnref7\" id=\"_ftn7\">[7]<\/a> Arch. d\u00e9p. 77&nbsp;: M\u00e9moires divers 8HDt<\/p>\n\n\n\n<p><a href=\"#_ftnref8\" id=\"_ftn8\">[8]<\/a> Arch. Seine et Oise&nbsp;: A750<\/p>\n","protected":false},"excerpt":{"rendered":"<p>L\u2019ADMINISTRATION AU XVIIe SIECLE 30 ans d\u2019administration civile&nbsp;: &nbsp;&nbsp;&nbsp;&nbsp;&nbsp;&nbsp;&nbsp;&nbsp;&nbsp;&nbsp;&nbsp; Durant le premier tiers du XVIIe si\u00e8cle, l\u2019administration de l&rsquo;h\u00f4tel-Dieu fut sans remous. L\u2019ordonnance de Charles IX semble avoir \u00e9t\u00e9 appliqu\u00e9e en d\u00e9pit des lettres patentes d\u2019Henri IV de 1593. En effet on trouve des commissaires du revenu temporel nomm\u00e9s ou approuv\u00e9s par les habitants. Le [&hellip;]<\/p>\n","protected":false},"author":1,"featured_media":354,"parent":0,"menu_order":0,"comment_status":"closed","ping_status":"closed","template":"","meta":{"footnotes":""},"yoast_head":"<!-- This site is optimized with the Yoast SEO plugin v21.6 - https:\/\/yoast.com\/wordpress\/plugins\/seo\/ -->\n<title>XVIIe - H\u00f4tel-Dieu Brie-Comte-Robert.<\/title>\n<meta name=\"robots\" content=\"index, follow, max-snippet:-1, max-image-preview:large, max-video-preview:-1\" \/>\n<link rel=\"canonical\" href=\"http:\/\/hoteldieudebrie.org\/index.php\/xviie\/\" \/>\n<meta property=\"og:locale\" content=\"fr_FR\" \/>\n<meta property=\"og:type\" content=\"article\" \/>\n<meta property=\"og:title\" content=\"XVIIe - H\u00f4tel-Dieu Brie-Comte-Robert.\" \/>\n<meta property=\"og:description\" content=\"L\u2019ADMINISTRATION AU XVIIe SIECLE 30 ans d\u2019administration civile&nbsp;: &nbsp;&nbsp;&nbsp;&nbsp;&nbsp;&nbsp;&nbsp;&nbsp;&nbsp;&nbsp;&nbsp; Durant le premier tiers du XVIIe si\u00e8cle, l\u2019administration de l&rsquo;h\u00f4tel-Dieu fut sans remous. L\u2019ordonnance de Charles IX semble avoir \u00e9t\u00e9 appliqu\u00e9e en d\u00e9pit des lettres patentes d\u2019Henri IV de 1593. En effet on trouve des commissaires du revenu temporel nomm\u00e9s ou approuv\u00e9s par les habitants. Le [&hellip;]\" \/>\n<meta property=\"og:url\" content=\"http:\/\/hoteldieudebrie.org\/index.php\/xviie\/\" \/>\n<meta property=\"og:site_name\" content=\"H\u00f4tel-Dieu Brie-Comte-Robert.\" \/>\n<meta property=\"article:modified_time\" content=\"2024-01-18T15:41:32+00:00\" \/>\n<meta property=\"og:image\" content=\"http:\/\/hoteldw.cluster029.hosting.ovh.net\/wp-content\/uploads\/2023\/12\/1990_minute02.png\" \/>\n\t<meta property=\"og:image:width\" content=\"1248\" \/>\n\t<meta property=\"og:image:height\" content=\"460\" \/>\n\t<meta property=\"og:image:type\" content=\"image\/png\" \/>\n<meta name=\"twitter:card\" content=\"summary_large_image\" \/>\n<meta name=\"twitter:label1\" content=\"Dur\u00e9e de lecture estim\u00e9e\" \/>\n\t<meta name=\"twitter:data1\" content=\"3 minutes\" \/>\n<script type=\"application\/ld+json\" class=\"yoast-schema-graph\">{\"@context\":\"https:\/\/schema.org\",\"@graph\":[{\"@type\":\"WebPage\",\"@id\":\"http:\/\/hoteldieudebrie.org\/index.php\/xviie\/\",\"url\":\"http:\/\/hoteldieudebrie.org\/index.php\/xviie\/\",\"name\":\"XVIIe - H\u00f4tel-Dieu Brie-Comte-Robert.\",\"isPartOf\":{\"@id\":\"http:\/\/hoteldieudebrie.org\/#website\"},\"datePublished\":\"2023-12-08T17:27:14+00:00\",\"dateModified\":\"2024-01-18T15:41:32+00:00\",\"breadcrumb\":{\"@id\":\"http:\/\/hoteldieudebrie.org\/index.php\/xviie\/#breadcrumb\"},\"inLanguage\":\"fr-FR\",\"potentialAction\":[{\"@type\":\"ReadAction\",\"target\":[\"http:\/\/hoteldieudebrie.org\/index.php\/xviie\/\"]}]},{\"@type\":\"BreadcrumbList\",\"@id\":\"http:\/\/hoteldieudebrie.org\/index.php\/xviie\/#breadcrumb\",\"itemListElement\":[{\"@type\":\"ListItem\",\"position\":1,\"name\":\"Accueil\",\"item\":\"https:\/\/hoteldieudebrie.org\/\"},{\"@type\":\"ListItem\",\"position\":2,\"name\":\"XVIIe\"}]},{\"@type\":\"WebSite\",\"@id\":\"http:\/\/hoteldieudebrie.org\/#website\",\"url\":\"http:\/\/hoteldieudebrie.org\/\",\"name\":\"H\u00f4tel-Dieu Brie-Comte-Robert.\",\"description\":\"\u00a9 Les Amis du Vieux Ch\u00e2teau\",\"potentialAction\":[{\"@type\":\"SearchAction\",\"target\":{\"@type\":\"EntryPoint\",\"urlTemplate\":\"http:\/\/hoteldieudebrie.org\/?s={search_term_string}\"},\"query-input\":\"required name=search_term_string\"}],\"inLanguage\":\"fr-FR\"}]}<\/script>\n<!-- \/ Yoast SEO plugin. -->","yoast_head_json":{"title":"XVIIe - H\u00f4tel-Dieu Brie-Comte-Robert.","robots":{"index":"index","follow":"follow","max-snippet":"max-snippet:-1","max-image-preview":"max-image-preview:large","max-video-preview":"max-video-preview:-1"},"canonical":"http:\/\/hoteldieudebrie.org\/index.php\/xviie\/","og_locale":"fr_FR","og_type":"article","og_title":"XVIIe - H\u00f4tel-Dieu Brie-Comte-Robert.","og_description":"L\u2019ADMINISTRATION AU XVIIe SIECLE 30 ans d\u2019administration civile&nbsp;: &nbsp;&nbsp;&nbsp;&nbsp;&nbsp;&nbsp;&nbsp;&nbsp;&nbsp;&nbsp;&nbsp; Durant le premier tiers du XVIIe si\u00e8cle, l\u2019administration de l&rsquo;h\u00f4tel-Dieu fut sans remous. L\u2019ordonnance de Charles IX semble avoir \u00e9t\u00e9 appliqu\u00e9e en d\u00e9pit des lettres patentes d\u2019Henri IV de 1593. En effet on trouve des commissaires du revenu temporel nomm\u00e9s ou approuv\u00e9s par les habitants. Le [&hellip;]","og_url":"http:\/\/hoteldieudebrie.org\/index.php\/xviie\/","og_site_name":"H\u00f4tel-Dieu Brie-Comte-Robert.","article_modified_time":"2024-01-18T15:41:32+00:00","og_image":[{"width":1248,"height":460,"url":"http:\/\/hoteldw.cluster029.hosting.ovh.net\/wp-content\/uploads\/2023\/12\/1990_minute02.png","type":"image\/png"}],"twitter_card":"summary_large_image","twitter_misc":{"Dur\u00e9e de lecture estim\u00e9e":"3 minutes"},"schema":{"@context":"https:\/\/schema.org","@graph":[{"@type":"WebPage","@id":"http:\/\/hoteldieudebrie.org\/index.php\/xviie\/","url":"http:\/\/hoteldieudebrie.org\/index.php\/xviie\/","name":"XVIIe - H\u00f4tel-Dieu Brie-Comte-Robert.","isPartOf":{"@id":"http:\/\/hoteldieudebrie.org\/#website"},"datePublished":"2023-12-08T17:27:14+00:00","dateModified":"2024-01-18T15:41:32+00:00","breadcrumb":{"@id":"http:\/\/hoteldieudebrie.org\/index.php\/xviie\/#breadcrumb"},"inLanguage":"fr-FR","potentialAction":[{"@type":"ReadAction","target":["http:\/\/hoteldieudebrie.org\/index.php\/xviie\/"]}]},{"@type":"BreadcrumbList","@id":"http:\/\/hoteldieudebrie.org\/index.php\/xviie\/#breadcrumb","itemListElement":[{"@type":"ListItem","position":1,"name":"Accueil","item":"https:\/\/hoteldieudebrie.org\/"},{"@type":"ListItem","position":2,"name":"XVIIe"}]},{"@type":"WebSite","@id":"http:\/\/hoteldieudebrie.org\/#website","url":"http:\/\/hoteldieudebrie.org\/","name":"H\u00f4tel-Dieu Brie-Comte-Robert.","description":"\u00a9 Les Amis du Vieux Ch\u00e2teau","potentialAction":[{"@type":"SearchAction","target":{"@type":"EntryPoint","urlTemplate":"http:\/\/hoteldieudebrie.org\/?s={search_term_string}"},"query-input":"required name=search_term_string"}],"inLanguage":"fr-FR"}]}},"_links":{"self":[{"href":"https:\/\/hoteldieudebrie.org\/index.php\/wp-json\/wp\/v2\/pages\/175"}],"collection":[{"href":"https:\/\/hoteldieudebrie.org\/index.php\/wp-json\/wp\/v2\/pages"}],"about":[{"href":"https:\/\/hoteldieudebrie.org\/index.php\/wp-json\/wp\/v2\/types\/page"}],"author":[{"embeddable":true,"href":"https:\/\/hoteldieudebrie.org\/index.php\/wp-json\/wp\/v2\/users\/1"}],"replies":[{"embeddable":true,"href":"https:\/\/hoteldieudebrie.org\/index.php\/wp-json\/wp\/v2\/comments?post=175"}],"version-history":[{"count":3,"href":"https:\/\/hoteldieudebrie.org\/index.php\/wp-json\/wp\/v2\/pages\/175\/revisions"}],"predecessor-version":[{"id":634,"href":"https:\/\/hoteldieudebrie.org\/index.php\/wp-json\/wp\/v2\/pages\/175\/revisions\/634"}],"wp:featuredmedia":[{"embeddable":true,"href":"https:\/\/hoteldieudebrie.org\/index.php\/wp-json\/wp\/v2\/media\/354"}],"wp:attachment":[{"href":"https:\/\/hoteldieudebrie.org\/index.php\/wp-json\/wp\/v2\/media?parent=175"}],"curies":[{"name":"wp","href":"https:\/\/api.w.org\/{rel}","templated":true}]}}