{"id":146,"date":"2023-12-07T22:14:50","date_gmt":"2023-12-07T21:14:50","guid":{"rendered":"https:\/\/hoteldw.cluster029.hosting.ovh.net\/?page_id=146"},"modified":"2024-01-18T16:39:26","modified_gmt":"2024-01-18T15:39:26","slug":"xiie","status":"publish","type":"page","link":"https:\/\/hoteldieudebrie.org\/index.php\/xiie\/","title":{"rendered":"XIIIe"},"content":{"rendered":"\n<p><em>La date pr\u00e9cise de fondation de l\u2019h\u00f4tel-Dieu n\u2019est pas connue.<\/em><\/p>\n\n\n\n<p><em>De m\u00eame on ne sait pas si sa fondation est due \u00e0 Robert Ier ou \u00e0 Robert II.<\/em><\/p>\n\n\n\n<p><em>Une lettre du pape Innocent III r\u00e9pond aux v\u0153ux de Robert II de faire construire \u00e0 ses frais une chapelle dans l\u2019h\u00f4tel-Dieu qui existe donc d\u00e9j\u00e0 \u00e0 cette p\u00e9riode.<\/em><\/p>\n\n\n\n<figure class=\"wp-block-image size-large\"><img loading=\"lazy\" decoding=\"async\" width=\"990\" height=\"1024\" src=\"http:\/\/hoteldw.cluster029.hosting.ovh.net\/wp-content\/uploads\/2023\/12\/doc_0001-990x1024.png\" alt=\"\" class=\"wp-image-298\" srcset=\"https:\/\/hoteldieudebrie.org\/wp-content\/uploads\/2023\/12\/doc_0001-990x1024.png 990w, https:\/\/hoteldieudebrie.org\/wp-content\/uploads\/2023\/12\/doc_0001-290x300.png 290w, https:\/\/hoteldieudebrie.org\/wp-content\/uploads\/2023\/12\/doc_0001-768x795.png 768w, https:\/\/hoteldieudebrie.org\/wp-content\/uploads\/2023\/12\/doc_0001-1485x1536.png 1485w, https:\/\/hoteldieudebrie.org\/wp-content\/uploads\/2023\/12\/doc_0001-1980x2048.png 1980w, https:\/\/hoteldieudebrie.org\/wp-content\/uploads\/2023\/12\/doc_0001-900x931.png 900w, https:\/\/hoteldieudebrie.org\/wp-content\/uploads\/2023\/12\/doc_0001-1280x1324.png 1280w\" sizes=\"(max-width: 990px) 100vw, 990px\" \/><\/figure>\n\n\n\n<p>L\u2019existence de l\u2019H\u00f4tel-Dieu &#8212; \u00ab\u00a0la Maison Dieu\u00a0\u00bb &#8212; est attest\u00e9e pour la premi\u00e8re fois en 1207. Par une lettre du 21 septembre 1207<a id=\"_ftnref1\" href=\"#_ftn1\">[1]<\/a>, le pape Innocent III, r\u00e9pond \u00e0 Robert II, second seigneur de Brie, qui sollicite une autorisation de construire une chapelle pour la Maison-Dieu qui n\u2019en poss\u00e8de pas. Robert pr\u00e9cise que la construction de cet oratoire ainsi que l\u2019\u00e9tablissement et l\u2019entretien d\u2019un chapelain serait \u00e0 ses frais. Le pape accepte cette requ\u00eate avec conservation des droits de la paroisse<a id=\"_ftnref2\" href=\"#_ftn2\">[2]<\/a>.<\/p>\n\n\n\n<blockquote class=\"wp-block-quote\">\n<p><em>L\u2019\u00e9v\u00eaque Innocent, serviteur des serviteurs de Dieu adresse son salut et sa b\u00e9n\u00e9diction apostolique au v\u00e9n\u00e9rable \u00e9v\u00eaque de Paris. Son fils bien-aim\u00e9, le noble comte de Dreux a pris le soin de l\u2019informer que, comme la Maison Dieu de Brie, du Dioc\u00e8se de Paris, manquait d\u2019un oratoire, il a pris lui-m\u00eame des dispositions pour construire \u00e0 ses frais une chapelle et y installer un pr\u00eatre auquel il veut donner sur ses biens propres le b\u00e9n\u00e9fice appropri\u00e9. mais comme, en homme sage, il demande notre accord, ne voulant pas emp\u00eacher son pieux dessein, par lettre apostolique nous chargeons sa fraternit\u00e9, suivant la requ\u00eate de ce noble tr\u00e8s estim\u00e9, de permettre l\u2019\u00e9dification d\u2019une chapelle juste au-dessous de l\u2019enceinte de la Maison-Dieu et l\u2019installation d\u2019un pr\u00eatre tout en conservant le droit de la paroisse \u00e0 l\u2019int\u00e9rieure de la laquelle la fameuse maison a \u00e9t\u00e9 fond\u00e9e.&nbsp;<\/em><\/p>\n<\/blockquote>\n\n\n\n<p><\/p>\n\n\n\n<p>Par ce texte on a la preuve que la Maison-Dieu de Brie existait d\u00e9j\u00e0 avant 1207. Par ailleurs il transpara\u00eet que la cr\u00e9ation de l\u2019H\u00f4tel-Dieu \u00e9tait \u00e0 l\u2019initiative du seigneur local, Robert II de Dreux est seigneur de Brie depuis 1202. Il \u00e9tait le petit fils de Louis VI Le Gros et neveu de Louis VII.<\/p>\n\n\n\n<p>A cette \u00e9poque, pour faire un \u00e9tablissement pieux, le simple consentement de l\u2019\u00e9v\u00eaque et l\u2019agr\u00e9ment du pape suffisaient, sans lettres patentes du roi. L\u2019absence de texte de fondation entra\u00eenera pour les si\u00e8cles suivants, d\u2019incessantes querelles et proc\u00e8s.<\/p>\n\n\n\n<p>Comme tous les \u00e9tablissements semblables de l\u2019\u00e9poque, l\u2019H\u00f4tel-Dieu n\u2019\u00e9tait pas destin\u00e9 \u00e0 donner des soins aux malades, mais plut\u00f4t \u00e0 accueillir pour une ou deux nuits, les voyageurs indigents et fatigu\u00e9s<a href=\"#_ftn3\" id=\"_ftnref3\">[3]<\/a>. En effet l\u2019expansion de la ville et de son march\u00e9 amenait un flux important de commer\u00e7ants de voyageurs \u00e9trangers et peut-\u00eatre de p\u00e8lerins. la cr\u00e9ation d\u2019H\u00f4tel-Dieu correspondait \u00e0 la volont\u00e9 d\u2019exercer&nbsp; la charit\u00e9 chr\u00e9tienne envers les plus d\u00e9favoris\u00e9s d\u2019entre eux.<\/p>\n\n\n\n<p>La chapelle souhait\u00e9e par Robert II a-t-elle \u00e9t\u00e9 construite\u00a0? <\/p>\n\n\n\n<p>Si c\u2019est le cas, on ne peut ps aujourd\u2019hui pr\u00e9ciser \u00e0 quel endroit<a id=\"_ftnref4\" href=\"#_ftn4\">[4]<\/a>.<\/p>\n\n\n\n<p>En 1252, Jean Le Roux, fils de Pierre Mauclerc, est alors seigneur de Brie.<\/p>\n\n\n\n<p>Le pape Innocent IV donne, par lettre<a id=\"_ftnref5\" href=\"#_ftn5\">[5]<\/a>, aux fr\u00e8res de la Maison-Dieu de Brie, l\u2019autorisation d\u2019\u00e9lever une chapelle dans leur maison et d\u2019avoir une cloche, en donnant mission \u00e0 l\u2019\u00e9v\u00eaque de Paris de nommer un chapelain.<\/p>\n\n\n\n<p>La chapelle n\u2019avait donc pas encore \u00e9t\u00e9 construite. La lettre du pape nous indique que l\u2019H\u00f4tel-Dieu \u00e9tait alors administr\u00e9 par des fr\u00e8res comme elle sera cent ans plus tard. Le mot fr\u00e8re ou s\u0153ur d\u00e9signent des la\u00efcs qui ont accept\u00e9 de vivre en communaut\u00e9 suivant une r\u00e8gle au service d\u2019une mission charitable.<\/p>\n\n\n\n<p>Entre 1207 et 1252, on voit l\u2019administration de l\u2019h\u00f4tel-dieu \u00e9chapper au seigneur de Brie. C\u2019est aux fr\u00e8res, et non au seigneur, que le pape donne l\u2019autorisation de construire une chapelle et la nomination du chapelain est d\u00e9l\u00e9gu\u00e9e \u00e0 l\u2019\u00e9v\u00eaque de Paris. La r\u00e9mun\u00e9ration du chapelain n\u2019est pas pr\u00e9cis\u00e9e.<\/p>\n\n\n\n<p>Les causes de cette modification de tutelle nous sont inconnus.<\/p>\n\n\n\n<p>Les archives anciennes ayant disparu sans doute pendant les destructions de la guerre de Cent Ans et de la Fronde. L\u2019Eglise de Paris, propri\u00e9taire de la plus grande partie du riche sol briard essaya de garder la haute main sur les h\u00f4pitaux d\u00e8s le XIIIe si\u00e8cle. Ce qui ne fut pas toujours du go\u00fbt du seigneur local et des habitants.<\/p>\n\n\n\n<hr class=\"wp-block-separator has-alpha-channel-opacity\"\/>\n\n\n\n<p><a href=\"#_ftnref1\" id=\"_ftn1\">[1]<\/a> Gu\u00e9rard&nbsp;: Cartulaire de Notre-Dame de Paris, tome 1, p.48.<\/p>\n\n\n\n<p><a href=\"#_ftnref2\" id=\"_ftn2\">[2]<\/a> Conservation des droits de paroisse&nbsp;:<\/p>\n\n\n\n<p><a href=\"#_ftnref3\" id=\"_ftn3\">[3]<\/a> L\u2019accueil des voyageurs indigents et fatigu\u00e9s est pr\u00e9cis\u00e9&nbsp; dans<\/p>\n\n\n\n<p><a href=\"#_ftnref4\" id=\"_ftn4\">[4]<\/a> La fa\u00e7ade gothique que l\u2019on peut admirer sur la rue des Halles n\u2019\u00e9tait pas celle de la&nbsp; chapelle \u00e0 l\u2019origine mais la fa\u00e7ade de la salle d\u2019accueil, \u00ab&nbsp;l\u2019hospitalitas&nbsp;\u00bb. Celle-ci fut transform\u00e9e en chapelle qu\u2019au XVe si\u00e8cle sous le vocable de Saint Eloi.<\/p>\n\n\n\n<p><a href=\"#_ftnref5\" id=\"_ftn5\">[5]<\/a> Gu\u00e9rard &#8211; Cartulaire de Notre-Dame de Paris, tome III, p.252.<\/p>\n\n\n\n<p><\/p>\n","protected":false},"excerpt":{"rendered":"<p>La date pr\u00e9cise de fondation de l\u2019h\u00f4tel-Dieu n\u2019est pas connue. De m\u00eame on ne sait pas si sa fondation est due \u00e0 Robert Ier ou \u00e0 Robert II. Une lettre du pape Innocent III r\u00e9pond aux v\u0153ux de Robert II de faire construire \u00e0 ses frais une chapelle dans l\u2019h\u00f4tel-Dieu qui existe donc d\u00e9j\u00e0 \u00e0 [&hellip;]<\/p>\n","protected":false},"author":1,"featured_media":354,"parent":0,"menu_order":0,"comment_status":"closed","ping_status":"closed","template":"","meta":{"footnotes":""},"yoast_head":"<!-- This site is optimized with the Yoast SEO plugin v21.6 - https:\/\/yoast.com\/wordpress\/plugins\/seo\/ -->\n<title>XIIIe - H\u00f4tel-Dieu Brie-Comte-Robert.<\/title>\n<meta name=\"robots\" content=\"index, follow, max-snippet:-1, max-image-preview:large, max-video-preview:-1\" \/>\n<link rel=\"canonical\" href=\"http:\/\/hoteldieudebrie.org\/index.php\/xiie\/\" \/>\n<meta property=\"og:locale\" content=\"fr_FR\" \/>\n<meta property=\"og:type\" content=\"article\" \/>\n<meta property=\"og:title\" content=\"XIIIe - H\u00f4tel-Dieu Brie-Comte-Robert.\" \/>\n<meta property=\"og:description\" content=\"La date pr\u00e9cise de fondation de l\u2019h\u00f4tel-Dieu n\u2019est pas connue. De m\u00eame on ne sait pas si sa fondation est due \u00e0 Robert Ier ou \u00e0 Robert II. Une lettre du pape Innocent III r\u00e9pond aux v\u0153ux de Robert II de faire construire \u00e0 ses frais une chapelle dans l\u2019h\u00f4tel-Dieu qui existe donc d\u00e9j\u00e0 \u00e0 [&hellip;]\" \/>\n<meta property=\"og:url\" content=\"http:\/\/hoteldieudebrie.org\/index.php\/xiie\/\" \/>\n<meta property=\"og:site_name\" content=\"H\u00f4tel-Dieu Brie-Comte-Robert.\" \/>\n<meta property=\"article:modified_time\" content=\"2024-01-18T15:39:26+00:00\" \/>\n<meta property=\"og:image\" content=\"http:\/\/hoteldw.cluster029.hosting.ovh.net\/wp-content\/uploads\/2023\/12\/1990_minute02.png\" \/>\n\t<meta property=\"og:image:width\" content=\"1248\" \/>\n\t<meta property=\"og:image:height\" content=\"460\" \/>\n\t<meta property=\"og:image:type\" content=\"image\/png\" \/>\n<meta name=\"twitter:card\" content=\"summary_large_image\" \/>\n<meta name=\"twitter:label1\" content=\"Dur\u00e9e de lecture estim\u00e9e\" \/>\n\t<meta name=\"twitter:data1\" content=\"4 minutes\" \/>\n<script type=\"application\/ld+json\" class=\"yoast-schema-graph\">{\"@context\":\"https:\/\/schema.org\",\"@graph\":[{\"@type\":\"WebPage\",\"@id\":\"http:\/\/hoteldieudebrie.org\/index.php\/xiie\/\",\"url\":\"http:\/\/hoteldieudebrie.org\/index.php\/xiie\/\",\"name\":\"XIIIe - H\u00f4tel-Dieu Brie-Comte-Robert.\",\"isPartOf\":{\"@id\":\"http:\/\/hoteldieudebrie.org\/#website\"},\"datePublished\":\"2023-12-07T21:14:50+00:00\",\"dateModified\":\"2024-01-18T15:39:26+00:00\",\"breadcrumb\":{\"@id\":\"http:\/\/hoteldieudebrie.org\/index.php\/xiie\/#breadcrumb\"},\"inLanguage\":\"fr-FR\",\"potentialAction\":[{\"@type\":\"ReadAction\",\"target\":[\"http:\/\/hoteldieudebrie.org\/index.php\/xiie\/\"]}]},{\"@type\":\"BreadcrumbList\",\"@id\":\"http:\/\/hoteldieudebrie.org\/index.php\/xiie\/#breadcrumb\",\"itemListElement\":[{\"@type\":\"ListItem\",\"position\":1,\"name\":\"Accueil\",\"item\":\"https:\/\/hoteldieudebrie.org\/\"},{\"@type\":\"ListItem\",\"position\":2,\"name\":\"XIIIe\"}]},{\"@type\":\"WebSite\",\"@id\":\"http:\/\/hoteldieudebrie.org\/#website\",\"url\":\"http:\/\/hoteldieudebrie.org\/\",\"name\":\"H\u00f4tel-Dieu Brie-Comte-Robert.\",\"description\":\"\u00a9 Les Amis du Vieux Ch\u00e2teau\",\"potentialAction\":[{\"@type\":\"SearchAction\",\"target\":{\"@type\":\"EntryPoint\",\"urlTemplate\":\"http:\/\/hoteldieudebrie.org\/?s={search_term_string}\"},\"query-input\":\"required name=search_term_string\"}],\"inLanguage\":\"fr-FR\"}]}<\/script>\n<!-- \/ Yoast SEO plugin. -->","yoast_head_json":{"title":"XIIIe - H\u00f4tel-Dieu Brie-Comte-Robert.","robots":{"index":"index","follow":"follow","max-snippet":"max-snippet:-1","max-image-preview":"max-image-preview:large","max-video-preview":"max-video-preview:-1"},"canonical":"http:\/\/hoteldieudebrie.org\/index.php\/xiie\/","og_locale":"fr_FR","og_type":"article","og_title":"XIIIe - H\u00f4tel-Dieu Brie-Comte-Robert.","og_description":"La date pr\u00e9cise de fondation de l\u2019h\u00f4tel-Dieu n\u2019est pas connue. De m\u00eame on ne sait pas si sa fondation est due \u00e0 Robert Ier ou \u00e0 Robert II. Une lettre du pape Innocent III r\u00e9pond aux v\u0153ux de Robert II de faire construire \u00e0 ses frais une chapelle dans l\u2019h\u00f4tel-Dieu qui existe donc d\u00e9j\u00e0 \u00e0 [&hellip;]","og_url":"http:\/\/hoteldieudebrie.org\/index.php\/xiie\/","og_site_name":"H\u00f4tel-Dieu Brie-Comte-Robert.","article_modified_time":"2024-01-18T15:39:26+00:00","og_image":[{"width":1248,"height":460,"url":"http:\/\/hoteldw.cluster029.hosting.ovh.net\/wp-content\/uploads\/2023\/12\/1990_minute02.png","type":"image\/png"}],"twitter_card":"summary_large_image","twitter_misc":{"Dur\u00e9e de lecture estim\u00e9e":"4 minutes"},"schema":{"@context":"https:\/\/schema.org","@graph":[{"@type":"WebPage","@id":"http:\/\/hoteldieudebrie.org\/index.php\/xiie\/","url":"http:\/\/hoteldieudebrie.org\/index.php\/xiie\/","name":"XIIIe - H\u00f4tel-Dieu Brie-Comte-Robert.","isPartOf":{"@id":"http:\/\/hoteldieudebrie.org\/#website"},"datePublished":"2023-12-07T21:14:50+00:00","dateModified":"2024-01-18T15:39:26+00:00","breadcrumb":{"@id":"http:\/\/hoteldieudebrie.org\/index.php\/xiie\/#breadcrumb"},"inLanguage":"fr-FR","potentialAction":[{"@type":"ReadAction","target":["http:\/\/hoteldieudebrie.org\/index.php\/xiie\/"]}]},{"@type":"BreadcrumbList","@id":"http:\/\/hoteldieudebrie.org\/index.php\/xiie\/#breadcrumb","itemListElement":[{"@type":"ListItem","position":1,"name":"Accueil","item":"https:\/\/hoteldieudebrie.org\/"},{"@type":"ListItem","position":2,"name":"XIIIe"}]},{"@type":"WebSite","@id":"http:\/\/hoteldieudebrie.org\/#website","url":"http:\/\/hoteldieudebrie.org\/","name":"H\u00f4tel-Dieu Brie-Comte-Robert.","description":"\u00a9 Les Amis du Vieux Ch\u00e2teau","potentialAction":[{"@type":"SearchAction","target":{"@type":"EntryPoint","urlTemplate":"http:\/\/hoteldieudebrie.org\/?s={search_term_string}"},"query-input":"required name=search_term_string"}],"inLanguage":"fr-FR"}]}},"_links":{"self":[{"href":"https:\/\/hoteldieudebrie.org\/index.php\/wp-json\/wp\/v2\/pages\/146"}],"collection":[{"href":"https:\/\/hoteldieudebrie.org\/index.php\/wp-json\/wp\/v2\/pages"}],"about":[{"href":"https:\/\/hoteldieudebrie.org\/index.php\/wp-json\/wp\/v2\/types\/page"}],"author":[{"embeddable":true,"href":"https:\/\/hoteldieudebrie.org\/index.php\/wp-json\/wp\/v2\/users\/1"}],"replies":[{"embeddable":true,"href":"https:\/\/hoteldieudebrie.org\/index.php\/wp-json\/wp\/v2\/comments?post=146"}],"version-history":[{"count":8,"href":"https:\/\/hoteldieudebrie.org\/index.php\/wp-json\/wp\/v2\/pages\/146\/revisions"}],"predecessor-version":[{"id":620,"href":"https:\/\/hoteldieudebrie.org\/index.php\/wp-json\/wp\/v2\/pages\/146\/revisions\/620"}],"wp:featuredmedia":[{"embeddable":true,"href":"https:\/\/hoteldieudebrie.org\/index.php\/wp-json\/wp\/v2\/media\/354"}],"wp:attachment":[{"href":"https:\/\/hoteldieudebrie.org\/index.php\/wp-json\/wp\/v2\/media?parent=146"}],"curies":[{"name":"wp","href":"https:\/\/api.w.org\/{rel}","templated":true}]}}